{"id":22897,"date":"2025-01-19T15:36:54","date_gmt":"2025-01-19T15:36:54","guid":{"rendered":"https:\/\/effafood.com\/product\/premium-waffeln-erdbeer-sahne\/"},"modified":"2025-02-08T12:31:26","modified_gmt":"2025-02-08T12:31:26","slug":"premium-waffeln-erdbeer-sahne","status":"publish","type":"product","link":"https:\/\/effafood.com\/de\/product\/premium-waffeln-erdbeer-sahne\/","title":{"rendered":"Premium Waffeln Erdbeer-Sahne"},"content":{"rendered":"","protected":false},"excerpt":{"rendered":"<p>PREMIUM WAFERS MIT ERDBEERCREME<\/p>\n<p>Genie\u00dfen Sie die k\u00f6stliche Kombination aus Premium Wafers und Erdbeercreme. Diese knusprigen Waffeln sind gro\u00dfz\u00fcgig mit einer weichen, s\u00fc\u00dfen Erdbeercreme gef\u00fcllt und bieten eine perfekte Balance aus Frische und Genuss. Eine Leckerei, die den Geschmack reifer Erdbeeren in jeden Bissen bringt \u2013 der perfekte Snack f\u00fcr jede Gelegenheit.<\/p>\n","protected":false},"featured_media":22109,"template":"","meta":[],"product_brand":[2909],"product_cat":[441],"product_tag":[],"class_list":{"0":"post-22897","1":"product","2":"type-product","3":"status-publish","4":"has-post-thumbnail","6":"product_brand-tore-de","7":"product_cat-snacks-de","8":"pa_barcode-8697439300102-de","9":"pa_brand-tore-de","10":"pa_inbox-24-x-6-de","11":"pa_pallet-917","12":"pa_shelf-life-12-monat","13":"pa_weight-2-52-gr-de","15":"first","16":"instock","17":"shipping-taxable","18":"product-type-simple"},"_links":{"self":[{"href":"https:\/\/effafood.com\/de\/wp-json\/wp\/v2\/product\/22897","targetHints":{"allow":["GET"]}}],"collection":[{"href":"https:\/\/effafood.com\/de\/wp-json\/wp\/v2\/product"}],"about":[{"href":"https:\/\/effafood.com\/de\/wp-json\/wp\/v2\/types\/product"}],"version-history":[{"count":1,"href":"https:\/\/effafood.com\/de\/wp-json\/wp\/v2\/product\/22897\/revisions"}],"predecessor-version":[{"id":23137,"href":"https:\/\/effafood.com\/de\/wp-json\/wp\/v2\/product\/22897\/revisions\/23137"}],"wp:featuredmedia":[{"embeddable":true,"href":"https:\/\/effafood.com\/de\/wp-json\/wp\/v2\/media\/22109"}],"wp:attachment":[{"href":"https:\/\/effafood.com\/de\/wp-json\/wp\/v2\/media?parent=22897"}],"wp:term":[{"taxonomy":"product_brand","embeddable":true,"href":"https:\/\/effafood.com\/de\/wp-json\/wp\/v2\/product_brand?post=22897"},{"taxonomy":"product_cat","embeddable":true,"href":"https:\/\/effafood.com\/de\/wp-json\/wp\/v2\/product_cat?post=22897"},{"taxonomy":"product_tag","embeddable":true,"href":"https:\/\/effafood.com\/de\/wp-json\/wp\/v2\/product_tag?post=22897"}],"curies":[{"name":"wp","href":"https:\/\/api.w.org\/{rel}","templated":true}]}}