{"id":22894,"date":"2025-01-19T15:25:13","date_gmt":"2025-01-19T15:25:13","guid":{"rendered":"https:\/\/effafood.com\/product\/mr-bite-bittere-waffeln-mit-schokoladenueberzug\/"},"modified":"2025-02-08T12:32:56","modified_gmt":"2025-02-08T12:32:56","slug":"mr-bite-bittere-waffeln-mit-schokoladenueberzug","status":"publish","type":"product","link":"https:\/\/effafood.com\/de\/product\/mr-bite-bittere-waffeln-mit-schokoladenueberzug\/","title":{"rendered":"Mr.Bite Bittere Waffeln mit Schokoladen\u00fcberzug"},"content":{"rendered":"","protected":false},"excerpt":{"rendered":"<p>MR.BITE BITTER CHOCOLATE COATED WAFERS<\/p>\n<p>Genie\u00dfen Sie mit Mr.Bite die perfekte Mischung aus knusprigen Waffeln und reichhaltiger, intensiver Bitterschokolade. Jede Waffel ist sorgf\u00e4ltig mit hochwertiger Zartbitterschokolade \u00fcberzogen und bietet einen kr\u00e4ftigen, befriedigenden Geschmack, der die Knusprigkeit der Waffel perfekt erg\u00e4nzt. Ideal f\u00fcr alle, die ein raffiniertes, weniger s\u00fc\u00dfes Schokoladenerlebnis bevorzugen.<\/p>\n","protected":false},"featured_media":22094,"template":"","meta":[],"product_brand":[2909],"product_cat":[441],"product_tag":[],"class_list":{"0":"post-22894","1":"product","2":"type-product","3":"status-publish","4":"has-post-thumbnail","6":"product_brand-tore-de","7":"product_cat-snacks-de","8":"pa_barcode-933-de","9":"pa_brand-tore-de","10":"pa_inbox-24-x-6-de","11":"pa_pallet-917","12":"pa_shelf-life-18-monat","13":"pa_weight-2-38-gr-de","15":"first","16":"instock","17":"shipping-taxable","18":"product-type-simple"},"_links":{"self":[{"href":"https:\/\/effafood.com\/de\/wp-json\/wp\/v2\/product\/22894","targetHints":{"allow":["GET"]}}],"collection":[{"href":"https:\/\/effafood.com\/de\/wp-json\/wp\/v2\/product"}],"about":[{"href":"https:\/\/effafood.com\/de\/wp-json\/wp\/v2\/types\/product"}],"version-history":[{"count":1,"href":"https:\/\/effafood.com\/de\/wp-json\/wp\/v2\/product\/22894\/revisions"}],"predecessor-version":[{"id":23140,"href":"https:\/\/effafood.com\/de\/wp-json\/wp\/v2\/product\/22894\/revisions\/23140"}],"wp:featuredmedia":[{"embeddable":true,"href":"https:\/\/effafood.com\/de\/wp-json\/wp\/v2\/media\/22094"}],"wp:attachment":[{"href":"https:\/\/effafood.com\/de\/wp-json\/wp\/v2\/media?parent=22894"}],"wp:term":[{"taxonomy":"product_brand","embeddable":true,"href":"https:\/\/effafood.com\/de\/wp-json\/wp\/v2\/product_brand?post=22894"},{"taxonomy":"product_cat","embeddable":true,"href":"https:\/\/effafood.com\/de\/wp-json\/wp\/v2\/product_cat?post=22894"},{"taxonomy":"product_tag","embeddable":true,"href":"https:\/\/effafood.com\/de\/wp-json\/wp\/v2\/product_tag?post=22894"}],"curies":[{"name":"wp","href":"https:\/\/api.w.org\/{rel}","templated":true}]}}