{"id":22893,"date":"2025-01-19T15:33:17","date_gmt":"2025-01-19T15:33:17","guid":{"rendered":"https:\/\/effafood.com\/product\/premium-waffeln-mandelcreme\/"},"modified":"2025-02-08T12:32:03","modified_gmt":"2025-02-08T12:32:03","slug":"premium-waffeln-mandelcreme","status":"publish","type":"product","link":"https:\/\/effafood.com\/de\/product\/premium-waffeln-mandelcreme\/","title":{"rendered":"Premium Waffeln Mandelcreme"},"content":{"rendered":"","protected":false},"excerpt":{"rendered":"<p>PREMIUM WAFFELN MIT MANDELCREME<\/p>\n<p>Genie\u00dfen Sie den k\u00f6stlichen Geschmack der Premium Waffeln, gef\u00fcllt mit zarter und reichhaltiger Mandelcreme. Diese leichten und knusprigen Waffeln sind perfekt mit einer samtigen Mandelcreme umh\u00fcllt und bieten eine wunderbare Balance aus S\u00fc\u00dfe und dem feinen nussigen Geschmack von Mandeln. Ein Premium-Genuss f\u00fcr alle, die raffinierte, hochwertige Snacks sch\u00e4tzen.<\/p>\n","protected":false},"featured_media":22104,"template":"","meta":[],"product_brand":[2909],"product_cat":[441],"product_tag":[],"class_list":{"0":"post-22893","1":"product","2":"type-product","3":"status-publish","4":"has-post-thumbnail","6":"product_brand-tore-de","7":"product_cat-snacks-de","8":"pa_barcode-8697439300317-de","9":"pa_brand-tore-de","10":"pa_inbox-24-x-6-de","11":"pa_pallet-917","12":"pa_shelf-life-12-monat","13":"pa_weight-2-52-gr-de","15":"first","16":"instock","17":"shipping-taxable","18":"product-type-simple"},"_links":{"self":[{"href":"https:\/\/effafood.com\/de\/wp-json\/wp\/v2\/product\/22893","targetHints":{"allow":["GET"]}}],"collection":[{"href":"https:\/\/effafood.com\/de\/wp-json\/wp\/v2\/product"}],"about":[{"href":"https:\/\/effafood.com\/de\/wp-json\/wp\/v2\/types\/product"}],"version-history":[{"count":1,"href":"https:\/\/effafood.com\/de\/wp-json\/wp\/v2\/product\/22893\/revisions"}],"predecessor-version":[{"id":23138,"href":"https:\/\/effafood.com\/de\/wp-json\/wp\/v2\/product\/22893\/revisions\/23138"}],"wp:featuredmedia":[{"embeddable":true,"href":"https:\/\/effafood.com\/de\/wp-json\/wp\/v2\/media\/22104"}],"wp:attachment":[{"href":"https:\/\/effafood.com\/de\/wp-json\/wp\/v2\/media?parent=22893"}],"wp:term":[{"taxonomy":"product_brand","embeddable":true,"href":"https:\/\/effafood.com\/de\/wp-json\/wp\/v2\/product_brand?post=22893"},{"taxonomy":"product_cat","embeddable":true,"href":"https:\/\/effafood.com\/de\/wp-json\/wp\/v2\/product_cat?post=22893"},{"taxonomy":"product_tag","embeddable":true,"href":"https:\/\/effafood.com\/de\/wp-json\/wp\/v2\/product_tag?post=22893"}],"curies":[{"name":"wp","href":"https:\/\/api.w.org\/{rel}","templated":true}]}}