{"id":22886,"date":"2025-01-19T15:14:01","date_gmt":"2025-01-19T15:14:01","guid":{"rendered":"https:\/\/effafood.com\/product\/mr-bite-waffeln-mit-vollmilchschokolade-und-haselnusscreme\/"},"modified":"2025-02-08T12:33:50","modified_gmt":"2025-02-08T12:33:50","slug":"mr-bite-waffeln-mit-vollmilchschokolade-und-haselnusscreme","status":"publish","type":"product","link":"https:\/\/effafood.com\/de\/product\/mr-bite-waffeln-mit-vollmilchschokolade-und-haselnusscreme\/","title":{"rendered":"Mr.Bite Waffeln mit Vollmilchschokolade und Haselnusscreme"},"content":{"rendered":"","protected":false},"excerpt":{"rendered":"<p>MR.BITE MIT MILCHSCHOKOLADE \u00dcBERZOGENE WAFFELN MIT HAZELNUSSCREME<\/p>\n<p>G\u00f6nnen Sie sich mit Mr.Bite eine k\u00f6stliche Kombination aus knusprigen Waffeln, zarter Haselnusscreme und reicher Milchschokolade. Diese Waffeln sind mit einer k\u00f6stlichen Haselnusscreme gef\u00fcllt und von einer Schicht samtiger Milchschokolade umh\u00fcllt. Sie bieten einen perfekt ausgewogenen und genussvollen Snack \u2013 ideal f\u00fcr alle, die den klassischen Geschmack von Haseln\u00fcssen in Kombination mit zarter Schokolade sch\u00e4tzen.<\/p>\n","protected":false},"featured_media":22084,"template":"","meta":[],"product_brand":[2909],"product_cat":[441],"product_tag":[],"class_list":{"0":"post-22886","1":"product","2":"type-product","3":"status-publish","4":"has-post-thumbnail","6":"product_brand-tore-de","7":"product_cat-snacks-de","8":"pa_barcode-8697439303547-de","9":"pa_brand-tore-de","10":"pa_inbox-24-x-6-de","11":"pa_pallet-917","12":"pa_shelf-life-12-monat","13":"pa_weight-2-38-gr-de","15":"first","16":"instock","17":"shipping-taxable","18":"product-type-simple"},"_links":{"self":[{"href":"https:\/\/effafood.com\/de\/wp-json\/wp\/v2\/product\/22886","targetHints":{"allow":["GET"]}}],"collection":[{"href":"https:\/\/effafood.com\/de\/wp-json\/wp\/v2\/product"}],"about":[{"href":"https:\/\/effafood.com\/de\/wp-json\/wp\/v2\/types\/product"}],"version-history":[{"count":1,"href":"https:\/\/effafood.com\/de\/wp-json\/wp\/v2\/product\/22886\/revisions"}],"predecessor-version":[{"id":23142,"href":"https:\/\/effafood.com\/de\/wp-json\/wp\/v2\/product\/22886\/revisions\/23142"}],"wp:featuredmedia":[{"embeddable":true,"href":"https:\/\/effafood.com\/de\/wp-json\/wp\/v2\/media\/22084"}],"wp:attachment":[{"href":"https:\/\/effafood.com\/de\/wp-json\/wp\/v2\/media?parent=22886"}],"wp:term":[{"taxonomy":"product_brand","embeddable":true,"href":"https:\/\/effafood.com\/de\/wp-json\/wp\/v2\/product_brand?post=22886"},{"taxonomy":"product_cat","embeddable":true,"href":"https:\/\/effafood.com\/de\/wp-json\/wp\/v2\/product_cat?post=22886"},{"taxonomy":"product_tag","embeddable":true,"href":"https:\/\/effafood.com\/de\/wp-json\/wp\/v2\/product_tag?post=22886"}],"curies":[{"name":"wp","href":"https:\/\/api.w.org\/{rel}","templated":true}]}}