{"id":22882,"date":"2025-01-19T15:10:40","date_gmt":"2025-01-19T15:10:40","guid":{"rendered":"https:\/\/effafood.com\/product\/mr-bite-waffeln-mit-vollmilchschokolade-und-kakaocreme\/"},"modified":"2025-02-08T12:34:23","modified_gmt":"2025-02-08T12:34:23","slug":"mr-bite-waffeln-mit-vollmilchschokolade-und-kakaocreme","status":"publish","type":"product","link":"https:\/\/effafood.com\/de\/product\/mr-bite-waffeln-mit-vollmilchschokolade-und-kakaocreme\/","title":{"rendered":"Mr.Bite Waffeln mit Vollmilchschokolade und Kakaocreme"},"content":{"rendered":"","protected":false},"excerpt":{"rendered":"<p>MR.BITE MIT MILCHSCHOKOLADE \u00dcBERZOGENE WAFFELN MIT KAKAOCREME<\/p>\n<p>Genie\u00dfen Sie mit Mr.Bite die perfekte Balance aus reichhaltiger Kakaocreme und zarter Milchschokolade. Diese knusprigen Waffeln sind mit einer k\u00f6stlich zarten Kakaocreme gef\u00fcllt und mit Premium-Milchschokolade \u00fcberzogen, die mit jedem Bissen ein befriedigendes und genussvolles Erlebnis bietet. Ideal f\u00fcr Schokoladenliebhaber, die sich nach einem reichhaltigen, geschmackvollen Genuss sehnen.<\/p>\n","protected":false},"featured_media":22079,"template":"","meta":[],"product_brand":[2909],"product_cat":[441],"product_tag":[],"class_list":{"0":"post-22882","1":"product","2":"type-product","3":"status-publish","4":"has-post-thumbnail","6":"product_brand-tore-de","7":"product_cat-snacks-de","8":"pa_barcode-8697439303578-de","9":"pa_brand-tore-de","10":"pa_inbox-24-x-6-de","11":"pa_pallet-917","12":"pa_shelf-life-12-monat","13":"pa_weight-2-38-gr-de","15":"first","16":"instock","17":"shipping-taxable","18":"product-type-simple"},"_links":{"self":[{"href":"https:\/\/effafood.com\/de\/wp-json\/wp\/v2\/product\/22882","targetHints":{"allow":["GET"]}}],"collection":[{"href":"https:\/\/effafood.com\/de\/wp-json\/wp\/v2\/product"}],"about":[{"href":"https:\/\/effafood.com\/de\/wp-json\/wp\/v2\/types\/product"}],"version-history":[{"count":1,"href":"https:\/\/effafood.com\/de\/wp-json\/wp\/v2\/product\/22882\/revisions"}],"predecessor-version":[{"id":23143,"href":"https:\/\/effafood.com\/de\/wp-json\/wp\/v2\/product\/22882\/revisions\/23143"}],"wp:featuredmedia":[{"embeddable":true,"href":"https:\/\/effafood.com\/de\/wp-json\/wp\/v2\/media\/22079"}],"wp:attachment":[{"href":"https:\/\/effafood.com\/de\/wp-json\/wp\/v2\/media?parent=22882"}],"wp:term":[{"taxonomy":"product_brand","embeddable":true,"href":"https:\/\/effafood.com\/de\/wp-json\/wp\/v2\/product_brand?post=22882"},{"taxonomy":"product_cat","embeddable":true,"href":"https:\/\/effafood.com\/de\/wp-json\/wp\/v2\/product_cat?post=22882"},{"taxonomy":"product_tag","embeddable":true,"href":"https:\/\/effafood.com\/de\/wp-json\/wp\/v2\/product_tag?post=22882"}],"curies":[{"name":"wp","href":"https:\/\/api.w.org\/{rel}","templated":true}]}}