{"id":22063,"date":"2025-01-19T14:56:07","date_gmt":"2025-01-19T14:56:07","guid":{"rendered":"https:\/\/effafood.com\/product\/tamam-waffel-mit-zartbitterschokolade-ueberzogen-und-kakaocreme\/"},"modified":"2025-02-08T12:35:42","modified_gmt":"2025-02-08T12:35:42","slug":"tamam-waffel-mit-zartbitterschokolade-ueberzogen-und-kakaocreme","status":"publish","type":"product","link":"https:\/\/effafood.com\/de\/product\/tamam-waffel-mit-zartbitterschokolade-ueberzogen-und-kakaocreme\/","title":{"rendered":"Tamam Waffel mit Zartbitterschokolade \u00fcberzogen und Kakaocreme"},"content":{"rendered":"","protected":false},"excerpt":{"rendered":"<p>TAMAM DUNKLE SCHOKOLADEN\u00dcBERZOGENE WAFFEL MIT KAKAO-CREME<\/p>\n<p>Erleben Sie den intensiven Geschmack von zarter Zartbitter-Schokolade, gef\u00fcllt mit einer cremigen Kakao-F\u00fcllung und umh\u00fcllt von einer knusprigen Waffel. Toren Cikolata bietet mit dieser einzigartigen Kreation die perfekte Balance zwischen reichhaltiger Schokolade und einer unverwechselbaren Kakaocreme. Ideal f\u00fcr wahre Schokoladenliebhaber!<\/p>\n","protected":false},"featured_media":22060,"template":"","meta":[],"product_brand":[2909],"product_cat":[441],"product_tag":[],"class_list":{"0":"post-22063","1":"product","2":"type-product","3":"status-publish","4":"has-post-thumbnail","6":"product_brand-tore-de","7":"product_cat-snacks-de","8":"pa_barcode-8697439301925-de","9":"pa_brand-tore-de","10":"pa_inbox-24-x-6-de","11":"pa_pallet-917","12":"pa_shelf-life-12-monat","13":"pa_weight-2-42-gr-de","15":"first","16":"instock","17":"shipping-taxable","18":"product-type-simple"},"_links":{"self":[{"href":"https:\/\/effafood.com\/de\/wp-json\/wp\/v2\/product\/22063","targetHints":{"allow":["GET"]}}],"collection":[{"href":"https:\/\/effafood.com\/de\/wp-json\/wp\/v2\/product"}],"about":[{"href":"https:\/\/effafood.com\/de\/wp-json\/wp\/v2\/types\/product"}],"version-history":[{"count":2,"href":"https:\/\/effafood.com\/de\/wp-json\/wp\/v2\/product\/22063\/revisions"}],"predecessor-version":[{"id":23146,"href":"https:\/\/effafood.com\/de\/wp-json\/wp\/v2\/product\/22063\/revisions\/23146"}],"wp:featuredmedia":[{"embeddable":true,"href":"https:\/\/effafood.com\/de\/wp-json\/wp\/v2\/media\/22060"}],"wp:attachment":[{"href":"https:\/\/effafood.com\/de\/wp-json\/wp\/v2\/media?parent=22063"}],"wp:term":[{"taxonomy":"product_brand","embeddable":true,"href":"https:\/\/effafood.com\/de\/wp-json\/wp\/v2\/product_brand?post=22063"},{"taxonomy":"product_cat","embeddable":true,"href":"https:\/\/effafood.com\/de\/wp-json\/wp\/v2\/product_cat?post=22063"},{"taxonomy":"product_tag","embeddable":true,"href":"https:\/\/effafood.com\/de\/wp-json\/wp\/v2\/product_tag?post=22063"}],"curies":[{"name":"wp","href":"https:\/\/api.w.org\/{rel}","templated":true}]}}