{"id":22045,"date":"2025-01-19T14:43:14","date_gmt":"2025-01-19T14:43:14","guid":{"rendered":"https:\/\/effafood.com\/product\/tamam-waffel-mit-vollmilchschokolade-und-haselnusscreme\/"},"modified":"2025-02-08T12:36:06","modified_gmt":"2025-02-08T12:36:06","slug":"tamam-waffel-mit-vollmilchschokolade-und-haselnusscreme","status":"publish","type":"product","link":"https:\/\/effafood.com\/de\/product\/tamam-waffel-mit-vollmilchschokolade-und-haselnusscreme\/","title":{"rendered":"Tamam Waffel mit Vollmilchschokolade und Haselnusscreme"},"content":{"rendered":"","protected":false},"excerpt":{"rendered":"<p>TAMAM MILCHSCHOKOLADEN\u00dcBERZOGENE WAFFEL MIT HASSELNUSS-CREME<\/p>\n<p>Genie\u00dfen Sie die k\u00f6stliche Kombination aus zarter Milchschokolade, cremiger Haselnussf\u00fcllung und knusprigen Waffeln. Dieses unwiderstehliche Produkt von Toren Cikolata bietet das perfekte Gleichgewicht zwischen reicher Schokolade, nussiger Creme und knuspriger Textur \u2013 der ideale Snack f\u00fcr jede Gelegenheit. Genie\u00dfen Sie das ultimative Genusserlebnis bei jedem Bissen!<\/p>\n","protected":false},"featured_media":22047,"template":"","meta":[],"product_brand":[2909],"product_cat":[441],"product_tag":[],"class_list":{"0":"post-22045","1":"product","2":"type-product","3":"status-publish","4":"has-post-thumbnail","6":"product_brand-tore-de","7":"product_cat-snacks-de","8":"pa_barcode-8697439300799-de","9":"pa_brand-tore-de","10":"pa_inbox-24-x-6-de","11":"pa_pallet-917","12":"pa_shelf-life-12-monat","13":"pa_weight-2-42-gr-de","15":"first","16":"instock","17":"shipping-taxable","18":"product-type-simple"},"_links":{"self":[{"href":"https:\/\/effafood.com\/de\/wp-json\/wp\/v2\/product\/22045","targetHints":{"allow":["GET"]}}],"collection":[{"href":"https:\/\/effafood.com\/de\/wp-json\/wp\/v2\/product"}],"about":[{"href":"https:\/\/effafood.com\/de\/wp-json\/wp\/v2\/types\/product"}],"version-history":[{"count":1,"href":"https:\/\/effafood.com\/de\/wp-json\/wp\/v2\/product\/22045\/revisions"}],"predecessor-version":[{"id":22052,"href":"https:\/\/effafood.com\/de\/wp-json\/wp\/v2\/product\/22045\/revisions\/22052"}],"wp:featuredmedia":[{"embeddable":true,"href":"https:\/\/effafood.com\/de\/wp-json\/wp\/v2\/media\/22047"}],"wp:attachment":[{"href":"https:\/\/effafood.com\/de\/wp-json\/wp\/v2\/media?parent=22045"}],"wp:term":[{"taxonomy":"product_brand","embeddable":true,"href":"https:\/\/effafood.com\/de\/wp-json\/wp\/v2\/product_brand?post=22045"},{"taxonomy":"product_cat","embeddable":true,"href":"https:\/\/effafood.com\/de\/wp-json\/wp\/v2\/product_cat?post=22045"},{"taxonomy":"product_tag","embeddable":true,"href":"https:\/\/effafood.com\/de\/wp-json\/wp\/v2\/product_tag?post=22045"}],"curies":[{"name":"wp","href":"https:\/\/api.w.org\/{rel}","templated":true}]}}