{"id":21879,"date":"2025-01-18T17:33:46","date_gmt":"2025-01-18T17:33:46","guid":{"rendered":"https:\/\/effafood.com\/product\/gelee-pfirsichherzen-urlaub\/"},"modified":"2025-01-18T22:12:26","modified_gmt":"2025-01-18T22:12:26","slug":"gelee-pfirsichherzen-urlaub","status":"publish","type":"product","link":"https:\/\/effafood.com\/de\/product\/gelee-pfirsichherzen-urlaub\/","title":{"rendered":"Pfirsichherzen Urlaub Gummib\u00e4rchen"},"content":{"rendered":"","protected":false},"excerpt":{"rendered":"<div class=\"flex-shrink-0 flex flex-col relative items-end\">\n<div>\n<div class=\"pt-0\">\n<div class=\"gizmo-bot-avatar flex h-8 w-8 items-center justify-center overflow-hidden rounded-full\">\n<div class=\"relative p-1 rounded-sm flex items-center justify-center bg-token-main-surface-primary text-token-text-primary h-8 w-8\">FINI PFIRSICHHERZEN URLAUB GUMMIB\u00c4RCHEN<\/div>\n<\/div>\n<\/div>\n<\/div>\n<\/div>\n<div class=\"group\/conversation-turn relative flex w-full min-w-0 flex-col agent-turn\">\n<div class=\"flex-col gap-1 md:gap-3\">\n<div class=\"flex max-w-full flex-col flex-grow\">\n<div class=\"min-h-8 text-message flex w-full flex-col items-end gap-2 whitespace-normal break-words text-start [.text-message+&amp;]:mt-5\" dir=\"auto\" data-message-author-role=\"assistant\" data-message-id=\"e58129e4-8bd1-4e2c-9316-7c931c905775\" data-message-model-slug=\"gpt-4o-mini\">\n<div class=\"flex w-full flex-col gap-1 empty:hidden first:pt-[3px]\">\n<div class=\"markdown prose w-full break-words dark:prose-invert light\">\n<p>Genie\u00dfen Sie den unwiderstehlichen Geschmack von FINI PFIRSICHHERZEN URLAUB! Diese k\u00f6stlichen, sauren Pfirsichherzen vereinen perfekt den saftigen Geschmack reifer Pfirsiche mit einem aufregenden, w\u00fcrzigen Kick, der Ihre Geschmacksknospen verf\u00fchrt.<\/p>\n<p>Die FINI Pfirsichherzen in der praktischen 75g-Packung sind der ideale Snack f\u00fcr unterwegs oder eine k\u00f6stliche \u00dcberraschung f\u00fcr Ihre Freunde und Familie. Ganz gleich, ob Sie sich selbst verw\u00f6hnen oder die Freude teilen \u2013 diese herzf\u00f6rmigen Bonbons bieten die perfekte Balance zwischen s\u00fc\u00df und sauer, die Lust auf mehr macht.<\/p>\n<\/div>\n<\/div>\n<\/div>\n<\/div>\n<\/div>\n<\/div>\n","protected":false},"featured_media":21728,"template":"","meta":[],"product_brand":[2891],"product_cat":[3120],"product_tag":[],"class_list":{"0":"post-21879","1":"product","2":"type-product","3":"status-publish","4":"has-post-thumbnail","6":"product_brand-fini-de","7":"product_cat-susswaren","8":"pa_barcode-8410525231575-de","9":"pa_brand-fini-de","10":"pa_inbox-12-de","11":"pa_pallet-378-de","12":"pa_shelf-life-24-monat","13":"pa_weight-2-75-gr-de","15":"first","16":"instock","17":"shipping-taxable","18":"product-type-simple"},"_links":{"self":[{"href":"https:\/\/effafood.com\/de\/wp-json\/wp\/v2\/product\/21879","targetHints":{"allow":["GET"]}}],"collection":[{"href":"https:\/\/effafood.com\/de\/wp-json\/wp\/v2\/product"}],"about":[{"href":"https:\/\/effafood.com\/de\/wp-json\/wp\/v2\/types\/product"}],"version-history":[{"count":2,"href":"https:\/\/effafood.com\/de\/wp-json\/wp\/v2\/product\/21879\/revisions"}],"predecessor-version":[{"id":21899,"href":"https:\/\/effafood.com\/de\/wp-json\/wp\/v2\/product\/21879\/revisions\/21899"}],"wp:featuredmedia":[{"embeddable":true,"href":"https:\/\/effafood.com\/de\/wp-json\/wp\/v2\/media\/21728"}],"wp:attachment":[{"href":"https:\/\/effafood.com\/de\/wp-json\/wp\/v2\/media?parent=21879"}],"wp:term":[{"taxonomy":"product_brand","embeddable":true,"href":"https:\/\/effafood.com\/de\/wp-json\/wp\/v2\/product_brand?post=21879"},{"taxonomy":"product_cat","embeddable":true,"href":"https:\/\/effafood.com\/de\/wp-json\/wp\/v2\/product_cat?post=21879"},{"taxonomy":"product_tag","embeddable":true,"href":"https:\/\/effafood.com\/de\/wp-json\/wp\/v2\/product_tag?post=21879"}],"curies":[{"name":"wp","href":"https:\/\/api.w.org\/{rel}","templated":true}]}}