{"id":21874,"date":"2025-01-18T17:23:03","date_gmt":"2025-01-18T17:23:03","guid":{"rendered":"https:\/\/effafood.com\/product\/oeliges-haifisch-gelee\/"},"modified":"2025-01-18T22:31:19","modified_gmt":"2025-01-18T22:31:19","slug":"oeliges-haifisch-gelee","status":"publish","type":"product","link":"https:\/\/effafood.com\/de\/product\/oeliges-haifisch-gelee\/","title":{"rendered":"\u00d6liges Haifisch Gummib\u00e4rchen"},"content":{"rendered":"","protected":false},"excerpt":{"rendered":"<p>FINI BUNTE KUGELN KAUGUMMI<\/p>\n<p>Erleben Sie den bunten Genuss mit FINI Bunte Kugeln Kaugummi! Diese fr\u00f6hlich bunten Kaugummis bringen Farbe und Spa\u00df in Ihren Tag. Mit einer Vielzahl von fruchtigen Aromen bieten die Kaugummis ein einzigartiges Geschmackserlebnis, das sowohl Kinder als auch Erwachsene begeistern wird.<\/p>\n<p>Ideal zum Teilen oder Genie\u00dfen zwischendurch \u2013 die FINI Bunte Kugeln Kaugummi sind die perfekte Wahl f\u00fcr alle, die es fruchtig und verspielt m\u00f6gen. Jede Kugel verspricht nicht nur fruchtigen Genuss, sondern auch jede Menge Spa\u00df!<\/p>\n","protected":false},"featured_media":21707,"template":"","meta":[],"product_brand":[2891],"product_cat":[3120],"product_tag":[],"class_list":{"0":"post-21874","1":"product","2":"type-product","3":"status-publish","4":"has-post-thumbnail","6":"product_brand-fini-de","7":"product_cat-susswaren","8":"pa_barcode-8410525116834-de","9":"pa_brand-fini-de","10":"pa_inbox-12-de","11":"pa_pallet-378-de","12":"pa_shelf-life-24-monat","13":"pa_weight-2-75-gr-de","15":"first","16":"instock","17":"shipping-taxable","18":"product-type-simple"},"_links":{"self":[{"href":"https:\/\/effafood.com\/de\/wp-json\/wp\/v2\/product\/21874","targetHints":{"allow":["GET"]}}],"collection":[{"href":"https:\/\/effafood.com\/de\/wp-json\/wp\/v2\/product"}],"about":[{"href":"https:\/\/effafood.com\/de\/wp-json\/wp\/v2\/types\/product"}],"version-history":[{"count":1,"href":"https:\/\/effafood.com\/de\/wp-json\/wp\/v2\/product\/21874\/revisions"}],"predecessor-version":[{"id":21908,"href":"https:\/\/effafood.com\/de\/wp-json\/wp\/v2\/product\/21874\/revisions\/21908"}],"wp:featuredmedia":[{"embeddable":true,"href":"https:\/\/effafood.com\/de\/wp-json\/wp\/v2\/media\/21707"}],"wp:attachment":[{"href":"https:\/\/effafood.com\/de\/wp-json\/wp\/v2\/media?parent=21874"}],"wp:term":[{"taxonomy":"product_brand","embeddable":true,"href":"https:\/\/effafood.com\/de\/wp-json\/wp\/v2\/product_brand?post=21874"},{"taxonomy":"product_cat","embeddable":true,"href":"https:\/\/effafood.com\/de\/wp-json\/wp\/v2\/product_cat?post=21874"},{"taxonomy":"product_tag","embeddable":true,"href":"https:\/\/effafood.com\/de\/wp-json\/wp\/v2\/product_tag?post=21874"}],"curies":[{"name":"wp","href":"https:\/\/api.w.org\/{rel}","templated":true}]}}