{"id":21872,"date":"2025-01-18T17:26:13","date_gmt":"2025-01-18T17:26:13","guid":{"rendered":"https:\/\/effafood.com\/product\/oeliges-kirschgelee\/"},"modified":"2025-01-18T22:32:42","modified_gmt":"2025-01-18T22:32:42","slug":"oeliges-kirschgelee","status":"publish","type":"product","link":"https:\/\/effafood.com\/de\/product\/oeliges-kirschgelee\/","title":{"rendered":"\u00d6liges Kirsch Gummib\u00e4rchen"},"content":{"rendered":"","protected":false},"excerpt":{"rendered":"<p>FINI KIRSCH GUMMIB\u00c4RCHEN<\/p>\n<p>G\u00f6nnen Sie sich die s\u00fc\u00dfe, fruchtige G\u00fcte der FINI KIRSCH GUMMIB\u00c4RCHEN! Diese k\u00f6stlichen Gummib\u00e4rchen mit intensivem Kirschgeschmack sind der perfekte Genuss f\u00fcr alle Naschkatzen. Mit ihrer leuchtend roten Farbe und dem erfrischend saftigen Kirschgeschmack wird jeder Bissen Ihre Geschmacksknospen verw\u00f6hnen und Lust auf mehr machen.<\/p>\n<p>Verpackt in praktischen 75g-Packungen sind die FINI KIRSCH GUMMIB\u00c4RCHEN ideal f\u00fcr den Snack zwischendurch, zum Teilen mit Freunden oder f\u00fcr gem\u00fctliche Filmabende.<\/p>\n","protected":false},"featured_media":21713,"template":"","meta":[],"product_brand":[2891],"product_cat":[3120],"product_tag":[],"class_list":{"0":"post-21872","1":"product","2":"type-product","3":"status-publish","4":"has-post-thumbnail","6":"product_brand-fini-de","7":"product_cat-susswaren","8":"pa_barcode-8410525231513-de","9":"pa_brand-fini-de","10":"pa_inbox-12-de","11":"pa_pallet-378-de","12":"pa_shelf-life-24-monat","13":"pa_weight-2-75-gr-de","15":"first","16":"instock","17":"shipping-taxable","18":"product-type-simple"},"_links":{"self":[{"href":"https:\/\/effafood.com\/de\/wp-json\/wp\/v2\/product\/21872","targetHints":{"allow":["GET"]}}],"collection":[{"href":"https:\/\/effafood.com\/de\/wp-json\/wp\/v2\/product"}],"about":[{"href":"https:\/\/effafood.com\/de\/wp-json\/wp\/v2\/types\/product"}],"version-history":[{"count":1,"href":"https:\/\/effafood.com\/de\/wp-json\/wp\/v2\/product\/21872\/revisions"}],"predecessor-version":[{"id":21909,"href":"https:\/\/effafood.com\/de\/wp-json\/wp\/v2\/product\/21872\/revisions\/21909"}],"wp:featuredmedia":[{"embeddable":true,"href":"https:\/\/effafood.com\/de\/wp-json\/wp\/v2\/media\/21713"}],"wp:attachment":[{"href":"https:\/\/effafood.com\/de\/wp-json\/wp\/v2\/media?parent=21872"}],"wp:term":[{"taxonomy":"product_brand","embeddable":true,"href":"https:\/\/effafood.com\/de\/wp-json\/wp\/v2\/product_brand?post=21872"},{"taxonomy":"product_cat","embeddable":true,"href":"https:\/\/effafood.com\/de\/wp-json\/wp\/v2\/product_cat?post=21872"},{"taxonomy":"product_tag","embeddable":true,"href":"https:\/\/effafood.com\/de\/wp-json\/wp\/v2\/product_tag?post=21872"}],"curies":[{"name":"wp","href":"https:\/\/api.w.org\/{rel}","templated":true}]}}