{"id":21869,"date":"2025-01-18T17:50:47","date_gmt":"2025-01-18T17:50:47","guid":{"rendered":"https:\/\/effafood.com\/product\/tornado-schuetzen\/"},"modified":"2025-01-18T22:37:09","modified_gmt":"2025-01-18T22:37:09","slug":"tornado-schuetzen","status":"publish","type":"product","link":"https:\/\/effafood.com\/de\/product\/tornado-schuetzen\/","title":{"rendered":"Tornado Sch\u00fctzen Lakritz"},"content":{"rendered":"","protected":false},"excerpt":{"rendered":"<div class=\"flex-shrink-0 flex flex-col relative items-end\">\n<div>\n<div class=\"pt-0\">\n<div class=\"gizmo-bot-avatar flex h-8 w-8 items-center justify-center overflow-hidden rounded-full\">\n<div class=\"relative p-1 rounded-sm flex items-center justify-center bg-token-main-surface-primary text-token-text-primary h-8 w-8\">FINI TORNADO SCH\u00dcTZEN LAKRITZ<\/div>\n<\/div>\n<\/div>\n<\/div>\n<\/div>\n<div class=\"group\/conversation-turn relative flex w-full min-w-0 flex-col agent-turn\">\n<div class=\"flex-col gap-1 md:gap-3\">\n<div class=\"flex max-w-full flex-col flex-grow\">\n<div class=\"min-h-8 text-message flex w-full flex-col items-end gap-2 whitespace-normal break-words text-start [.text-message+&amp;]:mt-5\" dir=\"auto\" data-message-author-role=\"assistant\" data-message-id=\"36c14ef7-2515-44ba-a7c6-96ce1d786759\" data-message-model-slug=\"gpt-4o-mini\">\n<div class=\"flex w-full flex-col gap-1 empty:hidden first:pt-[3px]\">\n<div class=\"markdown prose w-full break-words dark:prose-invert light\">\n<p>Machen Sie sich bereit f\u00fcr einen Wirbelwind des Geschmacks mit FINI Tornado Sch\u00fctzen Lakritz! Diese lebhaften und farbenfrohen Shooter bringen den Spa\u00df und die Aufregung eines sich drehenden Tornados direkt zu Ihren Geschmacksknospen. Jede Packung enth\u00e4lt 50 Shooter, ideal zum Teilen oder um sich selbst einen fruchtigen Spa\u00df zu g\u00f6nnen.<\/p>\n<p>Mit ihrem auff\u00e4lligen Aussehen und ihrem unwiderstehlichen Geschmack sind die FINI Tornado Shooters ein echter Hit auf Partys, Versammlungen oder als s\u00fc\u00dfe \u00dcberraschung f\u00fcr Freunde und Familie.<\/p>\n<\/div>\n<\/div>\n<\/div>\n<\/div>\n<\/div>\n<\/div>\n","protected":false},"featured_media":21753,"template":"","meta":[],"product_brand":[2891],"product_cat":[3120],"product_tag":[],"class_list":{"0":"post-21869","1":"product","2":"type-product","3":"status-publish","4":"has-post-thumbnail","6":"product_brand-fini-de","7":"product_cat-susswaren","8":"pa_barcode-8410525212017-de","9":"pa_brand-fini-de","10":"pa_inbox-6-x-50-de","11":"pa_pallet-917","12":"pa_shelf-life-24-monat","13":"pa_weight-2-6-gr-de","15":"first","16":"instock","17":"shipping-taxable","18":"product-type-simple"},"_links":{"self":[{"href":"https:\/\/effafood.com\/de\/wp-json\/wp\/v2\/product\/21869","targetHints":{"allow":["GET"]}}],"collection":[{"href":"https:\/\/effafood.com\/de\/wp-json\/wp\/v2\/product"}],"about":[{"href":"https:\/\/effafood.com\/de\/wp-json\/wp\/v2\/types\/product"}],"version-history":[{"count":1,"href":"https:\/\/effafood.com\/de\/wp-json\/wp\/v2\/product\/21869\/revisions"}],"predecessor-version":[{"id":21902,"href":"https:\/\/effafood.com\/de\/wp-json\/wp\/v2\/product\/21869\/revisions\/21902"}],"wp:featuredmedia":[{"embeddable":true,"href":"https:\/\/effafood.com\/de\/wp-json\/wp\/v2\/media\/21753"}],"wp:attachment":[{"href":"https:\/\/effafood.com\/de\/wp-json\/wp\/v2\/media?parent=21869"}],"wp:term":[{"taxonomy":"product_brand","embeddable":true,"href":"https:\/\/effafood.com\/de\/wp-json\/wp\/v2\/product_brand?post=21869"},{"taxonomy":"product_cat","embeddable":true,"href":"https:\/\/effafood.com\/de\/wp-json\/wp\/v2\/product_cat?post=21869"},{"taxonomy":"product_tag","embeddable":true,"href":"https:\/\/effafood.com\/de\/wp-json\/wp\/v2\/product_tag?post=21869"}],"curies":[{"name":"wp","href":"https:\/\/api.w.org\/{rel}","templated":true}]}}