{"id":21679,"date":"2025-01-18T13:44:55","date_gmt":"2025-01-18T13:44:55","guid":{"rendered":"https:\/\/effafood.com\/product\/saures-rosa-cola-flaschen-gelee\/"},"modified":"2025-01-18T20:19:27","modified_gmt":"2025-01-18T20:19:27","slug":"saures-rosa-cola-flaschen-gelee","status":"publish","type":"product","link":"https:\/\/effafood.com\/de\/product\/saures-rosa-cola-flaschen-gelee\/","title":{"rendered":"Saures Rosa Cola Flaschen Gummib\u00e4rchen"},"content":{"rendered":"","protected":false},"excerpt":{"rendered":"<p>FINI SAURES ROSA COLA FLASCHEN GUMMIB\u00c4RCHEN<\/p>\n<p>Entdecken Sie die k\u00f6stliche Vielfalt unserer FINI HALAL SAURES ROSA COLA FLASCHEN GUMMIB\u00c4RCHEN! Diese farbenfrohen, fruchtigen Leckerbissen sind nicht nur ein Fest f\u00fcr die Augen, sondern auch f\u00fcr die Geschmacksknospen. Jede 75g-Packung enth\u00e4lt eine aufregende Mischung aus weichen, kaubaren Gummibonbons in wundersch\u00f6nen rosa und blauen Farbt\u00f6nen, perfekt f\u00fcr jede Gelegenheit.<\/p>\n<p>Unsere Pink Blue Bottles sind Halal-zertifiziert und bieten ein sorgenfreies Nascherlebnis f\u00fcr alle, die Wert auf hochwertige, genussvolle Leckereien legen. Ob f\u00fcr eine Geburtstagsparty, als s\u00fc\u00dfe Erg\u00e4nzung zu einem Filmabend oder einfach nur zum pers\u00f6nlichen Genuss \u2013 diese Bonbons sind immer eine gute Wahl!<\/p>\n","protected":false},"featured_media":21506,"template":"","meta":[],"product_brand":[2891],"product_cat":[3120],"product_tag":[],"class_list":{"0":"post-21679","1":"product","2":"type-product","3":"status-publish","4":"has-post-thumbnail","6":"product_brand-fini-de","7":"product_cat-susswaren","8":"pa_barcode-8410525254109-de","9":"pa_brand-fini-de","10":"pa_inbox-12-de","11":"pa_pallet-378-de","12":"pa_shelf-life-24-monat","13":"pa_weight-2-75-gr-de","15":"first","16":"instock","17":"shipping-taxable","18":"product-type-simple"},"_links":{"self":[{"href":"https:\/\/effafood.com\/de\/wp-json\/wp\/v2\/product\/21679","targetHints":{"allow":["GET"]}}],"collection":[{"href":"https:\/\/effafood.com\/de\/wp-json\/wp\/v2\/product"}],"about":[{"href":"https:\/\/effafood.com\/de\/wp-json\/wp\/v2\/types\/product"}],"version-history":[{"count":1,"href":"https:\/\/effafood.com\/de\/wp-json\/wp\/v2\/product\/21679\/revisions"}],"predecessor-version":[{"id":21834,"href":"https:\/\/effafood.com\/de\/wp-json\/wp\/v2\/product\/21679\/revisions\/21834"}],"wp:featuredmedia":[{"embeddable":true,"href":"https:\/\/effafood.com\/de\/wp-json\/wp\/v2\/media\/21506"}],"wp:attachment":[{"href":"https:\/\/effafood.com\/de\/wp-json\/wp\/v2\/media?parent=21679"}],"wp:term":[{"taxonomy":"product_brand","embeddable":true,"href":"https:\/\/effafood.com\/de\/wp-json\/wp\/v2\/product_brand?post=21679"},{"taxonomy":"product_cat","embeddable":true,"href":"https:\/\/effafood.com\/de\/wp-json\/wp\/v2\/product_cat?post=21679"},{"taxonomy":"product_tag","embeddable":true,"href":"https:\/\/effafood.com\/de\/wp-json\/wp\/v2\/product_tag?post=21679"}],"curies":[{"name":"wp","href":"https:\/\/api.w.org\/{rel}","templated":true}]}}