{"id":21676,"date":"2025-01-18T13:52:06","date_gmt":"2025-01-18T13:52:06","guid":{"rendered":"https:\/\/effafood.com\/product\/saures-krokodil-gelee\/"},"modified":"2025-01-18T20:13:53","modified_gmt":"2025-01-18T20:13:53","slug":"saures-krokodil-gelee","status":"publish","type":"product","link":"https:\/\/effafood.com\/de\/product\/saures-krokodil-gelee\/","title":{"rendered":"Saures Krokodil Gummib\u00e4rchen"},"content":{"rendered":"","protected":false},"excerpt":{"rendered":"<p>FINI SAUER GUMMIB\u00c4RCHEN KROKODILE<\/p>\n<p>Entdecken Sie die unwiderstehlichen FINI SAUER GUMMIB\u00c4RCHEN KROKODILE! Diese sauren Krokodile sind nicht nur ein echter Genuss, sondern auch ein echter Blickfang. Mit ihrer einzigartigen Textur und einer perfekten Balance aus s\u00fc\u00dfem und saurem Geschmack bringen sie Freude in jeden Moment.<\/p>\n<p>Die zuckers\u00fc\u00dfen Gummis beeindrucken durch ihre au\u00dfergew\u00f6hnliche Textur und ihren unwiderstehlich s\u00fc\u00dfen Geschmack und machen jeden Bissen zu einem Genuss. Ob f\u00fcr die n\u00e4chste Party, einen Snack zwischendurch oder eine s\u00fc\u00dfe \u00dcberraschung f\u00fcr Kinder unsere sauren Krokodile sind immer eine gute Wahl!<\/p>\n","protected":false},"featured_media":21516,"template":"","meta":[],"product_brand":[2891],"product_cat":[3120],"product_tag":[],"class_list":{"0":"post-21676","1":"product","2":"type-product","3":"status-publish","4":"has-post-thumbnail","6":"product_brand-fini-de","7":"product_cat-susswaren","8":"pa_barcode-8410525116803-de","9":"pa_brand-fini-de","10":"pa_inbox-12-de","11":"pa_pallet-378-de","12":"pa_shelf-life-24-monat","13":"pa_weight-2-75-gr-de","15":"first","16":"instock","17":"shipping-taxable","18":"product-type-simple"},"_links":{"self":[{"href":"https:\/\/effafood.com\/de\/wp-json\/wp\/v2\/product\/21676","targetHints":{"allow":["GET"]}}],"collection":[{"href":"https:\/\/effafood.com\/de\/wp-json\/wp\/v2\/product"}],"about":[{"href":"https:\/\/effafood.com\/de\/wp-json\/wp\/v2\/types\/product"}],"version-history":[{"count":2,"href":"https:\/\/effafood.com\/de\/wp-json\/wp\/v2\/product\/21676\/revisions"}],"predecessor-version":[{"id":21831,"href":"https:\/\/effafood.com\/de\/wp-json\/wp\/v2\/product\/21676\/revisions\/21831"}],"wp:featuredmedia":[{"embeddable":true,"href":"https:\/\/effafood.com\/de\/wp-json\/wp\/v2\/media\/21516"}],"wp:attachment":[{"href":"https:\/\/effafood.com\/de\/wp-json\/wp\/v2\/media?parent=21676"}],"wp:term":[{"taxonomy":"product_brand","embeddable":true,"href":"https:\/\/effafood.com\/de\/wp-json\/wp\/v2\/product_brand?post=21676"},{"taxonomy":"product_cat","embeddable":true,"href":"https:\/\/effafood.com\/de\/wp-json\/wp\/v2\/product_cat?post=21676"},{"taxonomy":"product_tag","embeddable":true,"href":"https:\/\/effafood.com\/de\/wp-json\/wp\/v2\/product_tag?post=21676"}],"curies":[{"name":"wp","href":"https:\/\/api.w.org\/{rel}","templated":true}]}}