{"id":21657,"date":"2025-01-18T13:12:45","date_gmt":"2025-01-18T13:12:45","guid":{"rendered":"https:\/\/effafood.com\/product\/walderdbeer-gelee\/"},"modified":"2025-01-18T20:33:53","modified_gmt":"2025-01-18T20:33:53","slug":"walderdbeer-gelee","status":"publish","type":"product","link":"https:\/\/effafood.com\/de\/product\/walderdbeer-gelee\/","title":{"rendered":"Walderdbeer Gummib\u00e4rchen"},"content":{"rendered":"","protected":false},"excerpt":{"rendered":"<p>FINI Wilde Erdbeere Gummib\u00e4rchen<\/p>\n<p>Entdecken Sie die unwiderstehlichen FINI HALAL Wilde Erdbeere Gummib\u00e4rchen! Diese klaren, fruchtigen Erdbeer-Gummis sind ein wahrer Genuss f\u00fcr alle S\u00fc\u00dfigkeitenliebhaber. Jeder Bissen vermittelt den s\u00fc\u00dfen, nat\u00fcrlichen Geschmack reifer Erdbeeren und bietet ein Geschmackserlebnis, das Sie immer wieder aufs Neue begeistern wird.<\/p>\n<p>Diese k\u00f6stlichen Erdbeer-Gummis sind nicht nur halal, sondern auch au\u00dfergew\u00f6hnlich lecker! Perfekt als Snack zwischendurch, f\u00fcr eine Party oder einfach zum Genie\u00dfen \u2013 unser superleckerer Erdbeergenuss ist f\u00fcr die ganze Familie geeignet. Probieren Sie sie und lassen Sie sich von ihrem klaren, fruchtigen Geschmack verf\u00fchren!<\/p>\n","protected":false},"featured_media":21466,"template":"","meta":[],"product_brand":[2891],"product_cat":[3120],"product_tag":[],"class_list":{"0":"post-21657","1":"product","2":"type-product","3":"status-publish","4":"has-post-thumbnail","6":"product_brand-fini-de","7":"product_cat-susswaren","8":"pa_barcode-8410525119019-de","9":"pa_brand-fini-de","10":"pa_inbox-12-de","11":"pa_pallet-378-de","12":"pa_shelf-life-12-monat","13":"pa_weight-2-75-gr-de","15":"first","16":"instock","17":"shipping-taxable","18":"product-type-simple"},"_links":{"self":[{"href":"https:\/\/effafood.com\/de\/wp-json\/wp\/v2\/product\/21657","targetHints":{"allow":["GET"]}}],"collection":[{"href":"https:\/\/effafood.com\/de\/wp-json\/wp\/v2\/product"}],"about":[{"href":"https:\/\/effafood.com\/de\/wp-json\/wp\/v2\/types\/product"}],"version-history":[{"count":1,"href":"https:\/\/effafood.com\/de\/wp-json\/wp\/v2\/product\/21657\/revisions"}],"predecessor-version":[{"id":21847,"href":"https:\/\/effafood.com\/de\/wp-json\/wp\/v2\/product\/21657\/revisions\/21847"}],"wp:featuredmedia":[{"embeddable":true,"href":"https:\/\/effafood.com\/de\/wp-json\/wp\/v2\/media\/21466"}],"wp:attachment":[{"href":"https:\/\/effafood.com\/de\/wp-json\/wp\/v2\/media?parent=21657"}],"wp:term":[{"taxonomy":"product_brand","embeddable":true,"href":"https:\/\/effafood.com\/de\/wp-json\/wp\/v2\/product_brand?post=21657"},{"taxonomy":"product_cat","embeddable":true,"href":"https:\/\/effafood.com\/de\/wp-json\/wp\/v2\/product_cat?post=21657"},{"taxonomy":"product_tag","embeddable":true,"href":"https:\/\/effafood.com\/de\/wp-json\/wp\/v2\/product_tag?post=21657"}],"curies":[{"name":"wp","href":"https:\/\/api.w.org\/{rel}","templated":true}]}}