{"id":21651,"date":"2025-01-18T13:00:11","date_gmt":"2025-01-18T13:00:11","guid":{"rendered":"https:\/\/effafood.com\/product\/bananen-gelee\/"},"modified":"2025-01-18T21:30:48","modified_gmt":"2025-01-18T21:30:48","slug":"bananen-gelee","status":"publish","type":"product","link":"https:\/\/effafood.com\/de\/product\/bananen-gelee\/","title":{"rendered":"Bananen Gummib\u00e4rchen"},"content":{"rendered":"","protected":false},"excerpt":{"rendered":"<p>FINI BANANAS Gummib\u00e4rchen<\/p>\n<p>Entdecken Sie den k\u00f6stlichen Genuss von FINI BANANAS! Diese fruchtigen, weichen Kaubonbons sind nicht nur ein wahrer Genuss f\u00fcr Ihre Geschmacksnerven, sondern auch die perfekte Wahl f\u00fcr bewusste Naschkatzen. Mit einem Gewicht von 75 g bieten sie die ideale Portion f\u00fcr den kleinen Hunger zwischendurch.<\/p>\n<p>Lassen Sie sich von dem fruchtigen Geschmack der FINI BANANAS verf\u00fchren und genie\u00dfen Sie diese kleinen, b\u00e4renf\u00f6rmigen Freunde bei jeder Gelegenheit. Ob als Snack f\u00fcr unterwegs, als Teil eines s\u00fc\u00dfen Buffets oder einfach, um sich selbst zu verw\u00f6hnen &#8211; FINI BANANAS sind immer die richtige Wahl!<\/p>\n","protected":false},"featured_media":21446,"template":"","meta":[],"product_brand":[2891],"product_cat":[3120],"product_tag":[],"class_list":{"0":"post-21651","1":"product","2":"type-product","3":"status-publish","4":"has-post-thumbnail","6":"product_brand-fini-de","7":"product_cat-susswaren","8":"pa_barcode-8410525116759-de","9":"pa_brand-fini-de","10":"pa_inbox-12-de","11":"pa_pallet-378-de","12":"pa_shelf-life-24-monat","13":"pa_weight-2-75-gr-de","15":"first","16":"instock","17":"shipping-taxable","18":"product-type-simple"},"_links":{"self":[{"href":"https:\/\/effafood.com\/de\/wp-json\/wp\/v2\/product\/21651","targetHints":{"allow":["GET"]}}],"collection":[{"href":"https:\/\/effafood.com\/de\/wp-json\/wp\/v2\/product"}],"about":[{"href":"https:\/\/effafood.com\/de\/wp-json\/wp\/v2\/types\/product"}],"version-history":[{"count":1,"href":"https:\/\/effafood.com\/de\/wp-json\/wp\/v2\/product\/21651\/revisions"}],"predecessor-version":[{"id":21851,"href":"https:\/\/effafood.com\/de\/wp-json\/wp\/v2\/product\/21651\/revisions\/21851"}],"wp:featuredmedia":[{"embeddable":true,"href":"https:\/\/effafood.com\/de\/wp-json\/wp\/v2\/media\/21446"}],"wp:attachment":[{"href":"https:\/\/effafood.com\/de\/wp-json\/wp\/v2\/media?parent=21651"}],"wp:term":[{"taxonomy":"product_brand","embeddable":true,"href":"https:\/\/effafood.com\/de\/wp-json\/wp\/v2\/product_brand?post=21651"},{"taxonomy":"product_cat","embeddable":true,"href":"https:\/\/effafood.com\/de\/wp-json\/wp\/v2\/product_cat?post=21651"},{"taxonomy":"product_tag","embeddable":true,"href":"https:\/\/effafood.com\/de\/wp-json\/wp\/v2\/product_tag?post=21651"}],"curies":[{"name":"wp","href":"https:\/\/api.w.org\/{rel}","templated":true}]}}