{"id":21648,"date":"2025-01-18T12:47:23","date_gmt":"2025-01-18T12:47:23","guid":{"rendered":"https:\/\/effafood.com\/product\/saures-wassermelonen-scheiben-gelee\/"},"modified":"2025-01-18T21:35:49","modified_gmt":"2025-01-18T21:35:49","slug":"saures-wassermelonen-scheiben-gelee","status":"publish","type":"product","link":"https:\/\/effafood.com\/de\/product\/saures-wassermelonen-scheiben-gelee\/","title":{"rendered":"Saures Wassermelonen Scheiben Gummib\u00e4rchen"},"content":{"rendered":"","protected":false},"excerpt":{"rendered":"<p>FINI WASSERMELONEN SCHNITTE GUMMIB\u00c4RCHEN<\/p>\n<p>Entdecken Sie die k\u00f6stlichen FINI HALAL Wassermelonen-Scheiben! Mit einem Gewicht von 75 g sind diese fruchtigen Leckerbissen der perfekte Snack f\u00fcr jede Gelegenheit. Die saftigen Scheiben sind nicht nur k\u00f6stlich, sondern auch HALAL-zertifiziert, so dass Sie ein gutes Gef\u00fchl haben, eine bewusste Wahl zu treffen.<\/p>\n<p>Genie\u00dfen Sie das ganze Jahr \u00fcber den s\u00fc\u00dfen Geschmack des Sommers \u2013 ob als Snack f\u00fcr unterwegs, in einer Lunchbox oder einfach als besondere Leckerei f\u00fcr zwischendurch. \u00dcberraschen Sie Ihre Freunde und Familie mit diesen fruchtigen K\u00f6stlichkeiten und bringen Sie einen Hauch von Frische in Ihren Tag!<\/p>\n","protected":false},"featured_media":21428,"template":"","meta":[],"product_brand":[2891],"product_cat":[3120],"product_tag":[],"class_list":{"0":"post-21648","1":"product","2":"type-product","3":"status-publish","4":"has-post-thumbnail","6":"product_brand-fini-de","7":"product_cat-susswaren","8":"pa_barcode-8410525178085-de","9":"pa_brand-fini-de","10":"pa_inbox-12-de","11":"pa_pallet-378-de","12":"pa_shelf-life-24-monat","13":"pa_weight-2-75-gr-de","15":"first","16":"instock","17":"shipping-taxable","18":"product-type-simple"},"_links":{"self":[{"href":"https:\/\/effafood.com\/de\/wp-json\/wp\/v2\/product\/21648","targetHints":{"allow":["GET"]}}],"collection":[{"href":"https:\/\/effafood.com\/de\/wp-json\/wp\/v2\/product"}],"about":[{"href":"https:\/\/effafood.com\/de\/wp-json\/wp\/v2\/types\/product"}],"version-history":[{"count":1,"href":"https:\/\/effafood.com\/de\/wp-json\/wp\/v2\/product\/21648\/revisions"}],"predecessor-version":[{"id":21854,"href":"https:\/\/effafood.com\/de\/wp-json\/wp\/v2\/product\/21648\/revisions\/21854"}],"wp:featuredmedia":[{"embeddable":true,"href":"https:\/\/effafood.com\/de\/wp-json\/wp\/v2\/media\/21428"}],"wp:attachment":[{"href":"https:\/\/effafood.com\/de\/wp-json\/wp\/v2\/media?parent=21648"}],"wp:term":[{"taxonomy":"product_brand","embeddable":true,"href":"https:\/\/effafood.com\/de\/wp-json\/wp\/v2\/product_brand?post=21648"},{"taxonomy":"product_cat","embeddable":true,"href":"https:\/\/effafood.com\/de\/wp-json\/wp\/v2\/product_cat?post=21648"},{"taxonomy":"product_tag","embeddable":true,"href":"https:\/\/effafood.com\/de\/wp-json\/wp\/v2\/product_tag?post=21648"}],"curies":[{"name":"wp","href":"https:\/\/api.w.org\/{rel}","templated":true}]}}