{"id":21646,"date":"2025-01-18T12:57:32","date_gmt":"2025-01-18T12:57:32","guid":{"rendered":"https:\/\/effafood.com\/product\/gelee-erdbeer-kuesse\/"},"modified":"2025-01-18T21:33:31","modified_gmt":"2025-01-18T21:33:31","slug":"gelee-erdbeer-kuesse","status":"publish","type":"product","link":"https:\/\/effafood.com\/de\/product\/gelee-erdbeer-kuesse\/","title":{"rendered":"Erdbeer K\u00fcsse Gummib\u00e4rchen"},"content":{"rendered":"","protected":false},"excerpt":{"rendered":"<p>FINI ERDBEER K\u00dcSSE GUMMIB\u00c4RCHEN<\/p>\n<p>Entdecken Sie die k\u00f6stlichen FINI Erdbeer K\u00fcsse Gummib\u00e4rchen! Diese weichen Gummib\u00e4rchen sind mit dem s\u00fc\u00dfen und verlockenden Geschmack frischer Erdbeeren gef\u00fcllt und werden Ihr Herz im Handumdrehen erobern.<\/p>\n<p>Jeder Biss entfaltet ein fruchtiges Erlebnis, das sowohl Kinder als auch Erwachsene begeistern wird.<\/p>\n","protected":false},"featured_media":21441,"template":"","meta":[],"product_brand":[2891],"product_cat":[3120],"product_tag":[],"class_list":{"0":"post-21646","1":"product","2":"type-product","3":"status-publish","4":"has-post-thumbnail","6":"product_brand-fini-de","7":"product_cat-susswaren","8":"pa_barcode-8410525116704-de","9":"pa_brand-fini-de","10":"pa_inbox-12-de","11":"pa_pallet-378-de","12":"pa_shelf-life-24-monat","13":"pa_weight-2-75-gr-de","15":"first","16":"instock","17":"shipping-taxable","18":"product-type-simple"},"_links":{"self":[{"href":"https:\/\/effafood.com\/de\/wp-json\/wp\/v2\/product\/21646","targetHints":{"allow":["GET"]}}],"collection":[{"href":"https:\/\/effafood.com\/de\/wp-json\/wp\/v2\/product"}],"about":[{"href":"https:\/\/effafood.com\/de\/wp-json\/wp\/v2\/types\/product"}],"version-history":[{"count":1,"href":"https:\/\/effafood.com\/de\/wp-json\/wp\/v2\/product\/21646\/revisions"}],"predecessor-version":[{"id":21852,"href":"https:\/\/effafood.com\/de\/wp-json\/wp\/v2\/product\/21646\/revisions\/21852"}],"wp:featuredmedia":[{"embeddable":true,"href":"https:\/\/effafood.com\/de\/wp-json\/wp\/v2\/media\/21441"}],"wp:attachment":[{"href":"https:\/\/effafood.com\/de\/wp-json\/wp\/v2\/media?parent=21646"}],"wp:term":[{"taxonomy":"product_brand","embeddable":true,"href":"https:\/\/effafood.com\/de\/wp-json\/wp\/v2\/product_brand?post=21646"},{"taxonomy":"product_cat","embeddable":true,"href":"https:\/\/effafood.com\/de\/wp-json\/wp\/v2\/product_cat?post=21646"},{"taxonomy":"product_tag","embeddable":true,"href":"https:\/\/effafood.com\/de\/wp-json\/wp\/v2\/product_tag?post=21646"}],"curies":[{"name":"wp","href":"https:\/\/api.w.org\/{rel}","templated":true}]}}