{"id":21643,"date":"2025-01-18T14:16:49","date_gmt":"2025-01-18T14:16:49","guid":{"rendered":"https:\/\/effafood.com\/product\/neon-baeren-gelee\/"},"modified":"2025-01-18T20:09:33","modified_gmt":"2025-01-18T20:09:33","slug":"neon-baeren-gelee","status":"publish","type":"product","link":"https:\/\/effafood.com\/de\/product\/neon-baeren-gelee\/","title":{"rendered":"Neon B\u00e4ren Gummib\u00e4rchen"},"content":{"rendered":"","protected":false},"excerpt":{"rendered":"<div class=\"flex-shrink-0 flex flex-col relative items-end\">\n<div>\n<div class=\"pt-0\">\n<div class=\"gizmo-bot-avatar flex h-8 w-8 items-center justify-center overflow-hidden rounded-full\">FINI HALAL NEON BEARS GUMMIB\u00c4RCHEN<\/div>\n<\/div>\n<\/div>\n<\/div>\n<div class=\"group\/conversation-turn relative flex w-full min-w-0 flex-col agent-turn\">\n<div class=\"flex-col gap-1 md:gap-3\">\n<div class=\"flex max-w-full flex-col flex-grow\">\n<div class=\"min-h-8 text-message flex w-full flex-col items-end gap-2 whitespace-normal break-words text-start [.text-message+&amp;]:mt-5\" dir=\"auto\" data-message-author-role=\"assistant\" data-message-id=\"19a4750f-8ea1-4c16-b0d6-8591148a7d33\" data-message-model-slug=\"gpt-4o-mini\">\n<div class=\"flex w-full flex-col gap-1 empty:hidden first:pt-[3px]\">\n<div class=\"markdown prose w-full break-words dark:prose-invert light\">\n<div class=\"group\/conversation-turn relative flex w-full min-w-0 flex-col agent-turn\">\n<div class=\"flex-col gap-1 md:gap-3\">\n<div class=\"flex max-w-full flex-col flex-grow\">\n<div class=\"min-h-8 text-message flex w-full flex-col items-end gap-2 whitespace-normal break-words text-start [.text-message+&amp;]:mt-5\" dir=\"auto\" data-message-author-role=\"assistant\" data-message-id=\"1435ced4-4813-4207-acc8-2009c932d2b2\" data-message-model-slug=\"gpt-4o-mini\">\n<div class=\"flex w-full flex-col gap-1 empty:hidden first:pt-[3px]\">\n<div class=\"markdown prose w-full break-words dark:prose-invert light\">\n<p>Treten Sie ein in eine Welt des lebendigen Geschmacks mit FINI HALAL NEON BEARS! Diese k\u00f6stlichen Gummib\u00e4rchen sind nicht nur ein Leckerbissen f\u00fcr Ihre Geschmacksnerven, sondern auch in einer bunten Auswahl an fruchtigen Geschmacksrichtungen erh\u00e4ltlich, die Lust auf mehr machen.<\/p>\n<p>Was macht unsere Neon B\u00e4ren so besonders? Sie sind fett- und glutenfrei und damit die perfekte Wahl f\u00fcr alle, die auf ihre Ern\u00e4hrung achten, aber dennoch Lust auf einen s\u00fc\u00dfen Genuss haben. Genie\u00dfen Sie mit jedem Gummib\u00e4rchen einen erfrischenden und fruchtigen Geschmacksschub, verpackt in einer lustigen, bunten Verpackung.<\/p>\n<p>Diese Gummib\u00e4rchen sind ideal f\u00fcr alle Altersgruppen und f\u00fcr jede Gelegenheit geeignet \u2013 ob Sie nun w\u00e4hrend eines Films naschen, sich zwischendurch etwas g\u00f6nnen oder Ihre Party mit einer s\u00fc\u00dfen Note bereichern wollen.<\/p>\n<\/div>\n<\/div>\n<\/div>\n<\/div>\n<\/div>\n<\/div>\n<\/div>\n<\/div>\n<\/div>\n<\/div>\n<\/div>\n<\/div>\n","protected":false},"featured_media":21558,"template":"","meta":[],"product_brand":[2891],"product_cat":[3120],"product_tag":[],"class_list":{"0":"post-21643","1":"product","2":"type-product","3":"status-publish","4":"has-post-thumbnail","6":"product_brand-fini-de","7":"product_cat-susswaren","8":"pa_barcode-8410525116728-de","9":"pa_brand-fini-de","10":"pa_inbox-12-de","11":"pa_pallet-378-de","12":"pa_shelf-life-12-monat","13":"pa_weight-2-75-gr-de","15":"first","16":"instock","17":"shipping-taxable","18":"product-type-simple"},"_links":{"self":[{"href":"https:\/\/effafood.com\/de\/wp-json\/wp\/v2\/product\/21643","targetHints":{"allow":["GET"]}}],"collection":[{"href":"https:\/\/effafood.com\/de\/wp-json\/wp\/v2\/product"}],"about":[{"href":"https:\/\/effafood.com\/de\/wp-json\/wp\/v2\/types\/product"}],"version-history":[{"count":3,"href":"https:\/\/effafood.com\/de\/wp-json\/wp\/v2\/product\/21643\/revisions"}],"predecessor-version":[{"id":21827,"href":"https:\/\/effafood.com\/de\/wp-json\/wp\/v2\/product\/21643\/revisions\/21827"}],"wp:featuredmedia":[{"embeddable":true,"href":"https:\/\/effafood.com\/de\/wp-json\/wp\/v2\/media\/21558"}],"wp:attachment":[{"href":"https:\/\/effafood.com\/de\/wp-json\/wp\/v2\/media?parent=21643"}],"wp:term":[{"taxonomy":"product_brand","embeddable":true,"href":"https:\/\/effafood.com\/de\/wp-json\/wp\/v2\/product_brand?post=21643"},{"taxonomy":"product_cat","embeddable":true,"href":"https:\/\/effafood.com\/de\/wp-json\/wp\/v2\/product_cat?post=21643"},{"taxonomy":"product_tag","embeddable":true,"href":"https:\/\/effafood.com\/de\/wp-json\/wp\/v2\/product_tag?post=21643"}],"curies":[{"name":"wp","href":"https:\/\/api.w.org\/{rel}","templated":true}]}}