{"id":21637,"date":"2025-01-18T14:11:12","date_gmt":"2025-01-18T14:11:12","guid":{"rendered":"https:\/\/effafood.com\/product\/oeliges-froschgelee\/"},"modified":"2025-01-18T20:12:24","modified_gmt":"2025-01-18T20:12:24","slug":"oeliges-froschgelee","status":"publish","type":"product","link":"https:\/\/effafood.com\/de\/product\/oeliges-froschgelee\/","title":{"rendered":"\u00d6liges Frosch Gummib\u00e4rchen"},"content":{"rendered":"","protected":false},"excerpt":{"rendered":"<p>FINI FROSCH GUMMIB\u00c4RCHEN<\/p>\n<p>Tauchen Sie mit FINI FROSCH GUMMIB\u00c4RCHEN\u00a0in eine Welt voller Spa\u00df und fruchtiger Aromen ein! Diese bunten, gummiartigen Fr\u00f6sche werden Kinder und Erwachsene gleicherma\u00dfen begeistern. Jeder Kau-Frosch bietet einen k\u00f6stlichen Hauch von Fruchtigkeit und macht jeden Bissen zu einem spielerischen und k\u00f6stlichen Erlebnis.<\/p>\n<p>Bringen Sie mit FINI FROSCH GUMMIB\u00c4RCHEN ein bisschen Freude in Ihren Tag ein Leckerbissen, der mit jedem Bissen ein L\u00e4cheln ins Gesicht zaubert!<\/p>\n","protected":false},"featured_media":21547,"template":"","meta":[],"product_brand":[2891],"product_cat":[3120],"product_tag":[],"class_list":{"0":"post-21637","1":"product","2":"type-product","3":"status-publish","4":"has-post-thumbnail","6":"product_brand-fini-de","7":"product_cat-susswaren","8":"pa_barcode-8410525116681-de","9":"pa_brand-fini-de","10":"pa_inbox-12-de","11":"pa_pallet-378-de","12":"pa_shelf-life-24-monat","13":"pa_weight-2-75-gr-de","15":"first","16":"instock","17":"shipping-taxable","18":"product-type-simple"},"_links":{"self":[{"href":"https:\/\/effafood.com\/de\/wp-json\/wp\/v2\/product\/21637","targetHints":{"allow":["GET"]}}],"collection":[{"href":"https:\/\/effafood.com\/de\/wp-json\/wp\/v2\/product"}],"about":[{"href":"https:\/\/effafood.com\/de\/wp-json\/wp\/v2\/types\/product"}],"version-history":[{"count":1,"href":"https:\/\/effafood.com\/de\/wp-json\/wp\/v2\/product\/21637\/revisions"}],"predecessor-version":[{"id":21829,"href":"https:\/\/effafood.com\/de\/wp-json\/wp\/v2\/product\/21637\/revisions\/21829"}],"wp:featuredmedia":[{"embeddable":true,"href":"https:\/\/effafood.com\/de\/wp-json\/wp\/v2\/media\/21547"}],"wp:attachment":[{"href":"https:\/\/effafood.com\/de\/wp-json\/wp\/v2\/media?parent=21637"}],"wp:term":[{"taxonomy":"product_brand","embeddable":true,"href":"https:\/\/effafood.com\/de\/wp-json\/wp\/v2\/product_brand?post=21637"},{"taxonomy":"product_cat","embeddable":true,"href":"https:\/\/effafood.com\/de\/wp-json\/wp\/v2\/product_cat?post=21637"},{"taxonomy":"product_tag","embeddable":true,"href":"https:\/\/effafood.com\/de\/wp-json\/wp\/v2\/product_tag?post=21637"}],"curies":[{"name":"wp","href":"https:\/\/api.w.org\/{rel}","templated":true}]}}