{"id":21632,"date":"2025-01-18T14:38:57","date_gmt":"2025-01-18T14:38:57","guid":{"rendered":"https:\/\/effafood.com\/product\/bunte-wolken-marshmallow\/"},"modified":"2025-01-18T20:02:27","modified_gmt":"2025-01-18T20:02:27","slug":"bunte-wolken-marshmallow","status":"publish","type":"product","link":"https:\/\/effafood.com\/de\/product\/bunte-wolken-marshmallow\/","title":{"rendered":"Bunte Wolken Marshmallow"},"content":{"rendered":"","protected":false},"excerpt":{"rendered":"<p>FINI HALAL BUNTE WOLKE MARSHMALLOW<\/p>\n<p>Treten Sie ein in eine Welt der flauschigen S\u00fc\u00dfe mit FINI HALAL Bunte Wolke Marshmallows! Diese luftigen, pastellfarbenen Marshmallows sind nicht nur ein Genuss f\u00fcr Ihre Geschmacksknospen, sondern auch ein optischer Genuss. Leicht wie eine Wolke schmelzen diese Marshmallows m\u00fchelos auf der Zunge und bieten eine weiche und kaubare Textur, die Sie nach mehr verlangen l\u00e4sst.<\/p>\n<p>Mit ihrer lebhaften Farbmischung ist jedes St\u00fcck Marshmallow ein spielerischer und k\u00f6stlicher Snack, der f\u00fcr jedes Alter geeignet ist. Ganz gleich, ob Sie sie direkt aus der T\u00fcte genie\u00dfen, in hei\u00dfe Schokolade geben oder Desserts damit verzieren, die FINI HALAL Bunte Wolke Marshmallows verleihen jedem Moment einen Hauch von Spa\u00df und Geschmack.<\/p>\n","protected":false},"featured_media":21586,"template":"","meta":[],"product_brand":[2891],"product_cat":[3120],"product_tag":[],"class_list":{"0":"post-21632","1":"product","2":"type-product","3":"status-publish","4":"has-post-thumbnail","6":"product_brand-fini-de","7":"product_cat-susswaren","8":"pa_barcode-8410525301100-de","9":"pa_brand-fini-de","10":"pa_inbox-12-de","11":"pa_pallet-917","12":"pa_shelf-life-12-monat","13":"pa_weight-2-75-gr-de","15":"first","16":"instock","17":"shipping-taxable","18":"product-type-simple"},"_links":{"self":[{"href":"https:\/\/effafood.com\/de\/wp-json\/wp\/v2\/product\/21632","targetHints":{"allow":["GET"]}}],"collection":[{"href":"https:\/\/effafood.com\/de\/wp-json\/wp\/v2\/product"}],"about":[{"href":"https:\/\/effafood.com\/de\/wp-json\/wp\/v2\/types\/product"}],"version-history":[{"count":1,"href":"https:\/\/effafood.com\/de\/wp-json\/wp\/v2\/product\/21632\/revisions"}],"predecessor-version":[{"id":21821,"href":"https:\/\/effafood.com\/de\/wp-json\/wp\/v2\/product\/21632\/revisions\/21821"}],"wp:featuredmedia":[{"embeddable":true,"href":"https:\/\/effafood.com\/de\/wp-json\/wp\/v2\/media\/21586"}],"wp:attachment":[{"href":"https:\/\/effafood.com\/de\/wp-json\/wp\/v2\/media?parent=21632"}],"wp:term":[{"taxonomy":"product_brand","embeddable":true,"href":"https:\/\/effafood.com\/de\/wp-json\/wp\/v2\/product_brand?post=21632"},{"taxonomy":"product_cat","embeddable":true,"href":"https:\/\/effafood.com\/de\/wp-json\/wp\/v2\/product_cat?post=21632"},{"taxonomy":"product_tag","embeddable":true,"href":"https:\/\/effafood.com\/de\/wp-json\/wp\/v2\/product_tag?post=21632"}],"curies":[{"name":"wp","href":"https:\/\/api.w.org\/{rel}","templated":true}]}}