{"id":21628,"date":"2025-01-18T11:49:59","date_gmt":"2025-01-18T11:49:59","guid":{"rendered":"https:\/\/effafood.com\/product\/burger-kaugummi\/"},"modified":"2025-01-18T21:37:24","modified_gmt":"2025-01-18T21:37:24","slug":"burger-kaugummi","status":"publish","type":"product","link":"https:\/\/effafood.com\/de\/product\/burger-kaugummi\/","title":{"rendered":"Burger Kaugummi"},"content":{"rendered":"","protected":false},"excerpt":{"rendered":"<p>FINI BURGER KAUGUMMIS<\/p>\n<p>Entdecken Sie den k\u00f6stlichen FINI BURGER! Diese einzigartigen Kaugummis in Form eines Hamburgers sind ein Muss f\u00fcr alle Hamburger-Liebhaber. Jeder Bissen ist ein Genuss, der den Geschmack eines frisch zubereiteten Hamburgers einf\u00e4ngt \u2013 aber in einer s\u00fc\u00dfen Kaugummiform!<\/p>\n<p>Perfekt f\u00fcr jede Gelegenheit, ob als Snack f\u00fcr unterwegs, f\u00fcr Partys oder einfach zum Genie\u00dfen zu Hause. Genie\u00dfen Sie die fruchtigen Aromen und die lustige Form \u2013 FINI BURGER ist der ideale Genuss f\u00fcr alle Altersgruppen!<\/p>\n","protected":false},"featured_media":21418,"template":"","meta":[],"product_brand":[2891],"product_cat":[3120],"product_tag":[],"class_list":{"0":"post-21628","1":"product","2":"type-product","3":"status-publish","4":"has-post-thumbnail","6":"product_brand-fini-de","7":"product_cat-susswaren","8":"pa_barcode-8410525210303-de","9":"pa_brand-fini-de","10":"pa_inbox-6-x-200-de","11":"pa_pallet-63-de","12":"pa_shelf-life-24-monat","13":"pa_weight-2-75-gr-de","15":"first","16":"instock","17":"shipping-taxable","18":"product-type-simple"},"_links":{"self":[{"href":"https:\/\/effafood.com\/de\/wp-json\/wp\/v2\/product\/21628","targetHints":{"allow":["GET"]}}],"collection":[{"href":"https:\/\/effafood.com\/de\/wp-json\/wp\/v2\/product"}],"about":[{"href":"https:\/\/effafood.com\/de\/wp-json\/wp\/v2\/types\/product"}],"version-history":[{"count":1,"href":"https:\/\/effafood.com\/de\/wp-json\/wp\/v2\/product\/21628\/revisions"}],"predecessor-version":[{"id":21856,"href":"https:\/\/effafood.com\/de\/wp-json\/wp\/v2\/product\/21628\/revisions\/21856"}],"wp:featuredmedia":[{"embeddable":true,"href":"https:\/\/effafood.com\/de\/wp-json\/wp\/v2\/media\/21418"}],"wp:attachment":[{"href":"https:\/\/effafood.com\/de\/wp-json\/wp\/v2\/media?parent=21628"}],"wp:term":[{"taxonomy":"product_brand","embeddable":true,"href":"https:\/\/effafood.com\/de\/wp-json\/wp\/v2\/product_brand?post=21628"},{"taxonomy":"product_cat","embeddable":true,"href":"https:\/\/effafood.com\/de\/wp-json\/wp\/v2\/product_cat?post=21628"},{"taxonomy":"product_tag","embeddable":true,"href":"https:\/\/effafood.com\/de\/wp-json\/wp\/v2\/product_tag?post=21628"}],"curies":[{"name":"wp","href":"https:\/\/api.w.org\/{rel}","templated":true}]}}