{"id":21617,"date":"2025-01-18T11:32:35","date_gmt":"2025-01-18T11:32:35","guid":{"rendered":"https:\/\/effafood.com\/product\/colaflasche-kaugummi\/"},"modified":"2025-01-18T21:49:24","modified_gmt":"2025-01-18T21:49:24","slug":"colaflasche-kaugummi","status":"publish","type":"product","link":"https:\/\/effafood.com\/de\/product\/colaflasche-kaugummi\/","title":{"rendered":"Cola Flasche Kaugummi"},"content":{"rendered":"","protected":false},"excerpt":{"rendered":"<p>FINI COLA FLASCHE KAUGUMMI<\/p>\n<p>Extra saure Cola-Hartkaramellen \u2013 Au\u00dfen sauer, innen super sprudelnd! Wie lange k\u00f6nnen Sie widerstehen? Entdecken Sie FINI COLA GUM! Diese 6\u00d7200 St\u00fcck Cola-Hartkaramellen bieten Ihnen ein wahres Geschmackserlebnis. Au\u00dfen sauer und innen vollgepackt mit sprudelndem Genuss \u2013 jeder Bissen wird Ihre Geschmacksknospen auf eine aufregende Reise schicken!<\/p>\n<p>Ein perfekter Snack f\u00fcr unterwegs oder um ihn mit Freunden zu teilen. Lassen Sie sich von der faszinierenden Kombination aus saurer S\u00fc\u00dfe und prickelndem Genuss verzaubern. Probieren Sie FINI COLA GUM und erleben Sie den Spa\u00df, der in jeder Karamelle steckt!<\/p>\n","protected":false},"featured_media":21383,"template":"","meta":[],"product_brand":[2891],"product_cat":[3120],"product_tag":[],"class_list":{"0":"post-21617","1":"product","2":"type-product","3":"status-publish","4":"has-post-thumbnail","6":"product_brand-fini-de","7":"product_cat-susswaren","8":"pa_barcode-8410525200298-de","9":"pa_brand-fini-de","10":"pa_inbox-6-x-200-de","11":"pa_pallet-63-de","12":"pa_shelf-life-24-monat","13":"pa_weight-2-75-gr-de","15":"first","16":"instock","17":"shipping-taxable","18":"product-type-simple"},"_links":{"self":[{"href":"https:\/\/effafood.com\/de\/wp-json\/wp\/v2\/product\/21617","targetHints":{"allow":["GET"]}}],"collection":[{"href":"https:\/\/effafood.com\/de\/wp-json\/wp\/v2\/product"}],"about":[{"href":"https:\/\/effafood.com\/de\/wp-json\/wp\/v2\/types\/product"}],"version-history":[{"count":1,"href":"https:\/\/effafood.com\/de\/wp-json\/wp\/v2\/product\/21617\/revisions"}],"predecessor-version":[{"id":21876,"href":"https:\/\/effafood.com\/de\/wp-json\/wp\/v2\/product\/21617\/revisions\/21876"}],"wp:featuredmedia":[{"embeddable":true,"href":"https:\/\/effafood.com\/de\/wp-json\/wp\/v2\/media\/21383"}],"wp:attachment":[{"href":"https:\/\/effafood.com\/de\/wp-json\/wp\/v2\/media?parent=21617"}],"wp:term":[{"taxonomy":"product_brand","embeddable":true,"href":"https:\/\/effafood.com\/de\/wp-json\/wp\/v2\/product_brand?post=21617"},{"taxonomy":"product_cat","embeddable":true,"href":"https:\/\/effafood.com\/de\/wp-json\/wp\/v2\/product_cat?post=21617"},{"taxonomy":"product_tag","embeddable":true,"href":"https:\/\/effafood.com\/de\/wp-json\/wp\/v2\/product_tag?post=21617"}],"curies":[{"name":"wp","href":"https:\/\/api.w.org\/{rel}","templated":true}]}}