{"id":21616,"date":"2025-01-18T11:04:57","date_gmt":"2025-01-18T11:04:57","guid":{"rendered":"https:\/\/effafood.com\/product\/zombie-kaugummi\/"},"modified":"2025-01-18T21:56:41","modified_gmt":"2025-01-18T21:56:41","slug":"zombie-kaugummi","status":"publish","type":"product","link":"https:\/\/effafood.com\/de\/product\/zombie-kaugummi\/","title":{"rendered":"Zombie Kaugummi"},"content":{"rendered":"","protected":false},"excerpt":{"rendered":"<p>FINI ZOMBIE KAUFUMMI<\/p>\n<p>Entdecken Sie die gruselige Welt von FINI ZOMBIE Kaugummi! Mit jeder Packung erhalten Sie 6 Sorten mit 200 Kaugummis, die von der einzigartigen Idee inspiriert sind, s\u00fc\u00dfen Genuss mit einem Hauch von Abenteuer zu verbinden.<\/p>\n<p>Erwecken Sie Ihre Geschmacksknospen zum Leben und zaubern Sie ein gruseliges L\u00e4cheln auf Ihr Gesicht mit FINI ZOMBIE Kaugummi! Diese gruseligen und lustigen zungenbemalten Hartkaramellen sind nicht nur k\u00f6stlich, sondern sorgen auch f\u00fcr unvergesslichen Spa\u00df! Mit jedem Bissen erleben Sie den gruseligen Geschmack, der Sie und Ihre Freunde in echte Zombies verwandelt.<\/p>\n","protected":false},"featured_media":21349,"template":"","meta":[],"product_brand":[2891],"product_cat":[3120],"product_tag":[],"class_list":{"0":"post-21616","1":"product","2":"type-product","3":"status-publish","4":"has-post-thumbnail","6":"product_brand-fini-de","7":"product_cat-susswaren","8":"pa_barcode-8410525224089-de","9":"pa_brand-fini-de","10":"pa_inbox-6-x-200-de","11":"pa_pallet-63-de","12":"pa_shelf-life-24-monat","13":"pa_weight-2-75-gr-de","15":"first","16":"instock","17":"shipping-taxable","18":"product-type-simple"},"_links":{"self":[{"href":"https:\/\/effafood.com\/de\/wp-json\/wp\/v2\/product\/21616","targetHints":{"allow":["GET"]}}],"collection":[{"href":"https:\/\/effafood.com\/de\/wp-json\/wp\/v2\/product"}],"about":[{"href":"https:\/\/effafood.com\/de\/wp-json\/wp\/v2\/types\/product"}],"version-history":[{"count":1,"href":"https:\/\/effafood.com\/de\/wp-json\/wp\/v2\/product\/21616\/revisions"}],"predecessor-version":[{"id":21891,"href":"https:\/\/effafood.com\/de\/wp-json\/wp\/v2\/product\/21616\/revisions\/21891"}],"wp:featuredmedia":[{"embeddable":true,"href":"https:\/\/effafood.com\/de\/wp-json\/wp\/v2\/media\/21349"}],"wp:attachment":[{"href":"https:\/\/effafood.com\/de\/wp-json\/wp\/v2\/media?parent=21616"}],"wp:term":[{"taxonomy":"product_brand","embeddable":true,"href":"https:\/\/effafood.com\/de\/wp-json\/wp\/v2\/product_brand?post=21616"},{"taxonomy":"product_cat","embeddable":true,"href":"https:\/\/effafood.com\/de\/wp-json\/wp\/v2\/product_cat?post=21616"},{"taxonomy":"product_tag","embeddable":true,"href":"https:\/\/effafood.com\/de\/wp-json\/wp\/v2\/product_tag?post=21616"}],"curies":[{"name":"wp","href":"https:\/\/api.w.org\/{rel}","templated":true}]}}