{"id":21613,"date":"2025-01-18T11:29:35","date_gmt":"2025-01-18T11:29:35","guid":{"rendered":"https:\/\/effafood.com\/product\/raketenexplosion-kaugummi\/"},"modified":"2025-01-18T21:50:46","modified_gmt":"2025-01-18T21:50:46","slug":"raketenexplosion-kaugummi","status":"publish","type":"product","link":"https:\/\/effafood.com\/de\/product\/raketenexplosion-kaugummi\/","title":{"rendered":"Raketen Explosion Kaugummi"},"content":{"rendered":"","protected":false},"excerpt":{"rendered":"<div class=\"flex-shrink-0 flex flex-col relative items-end\">\n<div>\n<div class=\"pt-0\">\n<div class=\"gizmo-bot-avatar flex h-8 w-8 items-center justify-center overflow-hidden rounded-full\">\n<div class=\"relative p-1 rounded-sm flex items-center justify-center bg-token-main-surface-primary text-token-text-primary h-8 w-8\">FINI RAKETEN EXPLOSION KAUGUMMI<\/div>\n<\/div>\n<\/div>\n<\/div>\n<\/div>\n<div class=\"group\/conversation-turn relative flex w-full min-w-0 flex-col agent-turn\">\n<div class=\"flex-col gap-1 md:gap-3\">\n<div class=\"flex max-w-full flex-col flex-grow\">\n<div class=\"min-h-8 text-message flex w-full flex-col items-end gap-2 whitespace-normal break-words text-start [.text-message+&amp;]:mt-5\" dir=\"auto\" data-message-author-role=\"assistant\" data-message-id=\"c6453e87-f91a-4148-9e2f-6f05bfc6f667\" data-message-model-slug=\"gpt-4o-mini\">\n<div class=\"flex w-full flex-col gap-1 empty:hidden first:pt-[3px]\">\n<div class=\"markdown prose w-full break-words dark:prose-invert light\">\n<p>Zungenmaler mit fl\u00fcssiger F\u00fcllung aus Kaugummi \u2013 Erh\u00e4ltlich in Blau und Rot. Welches werden Sie w\u00e4hlen? Entdecken Sie die aufregenden FINI Missile Explosion Kaugummis! Diese Kaugummis sind ein wahres Geschmackserlebnis, mit 200 St\u00fcck pro Packung in den lebendigen Farben Blau und Rot.<\/p>\n<p>Egal, f\u00fcr welche Farbe Sie sich entscheiden, jeder Bissen ist eine Explosion aus s\u00fc\u00dfem, fruchtigem Geschmack und spritzigem Spa\u00df! Lassen Sie sich dieses einzigartige Erlebnis nicht entgehen und genie\u00dfen Sie die aufregende Kombination aus Kaugummi und fl\u00fcssiger F\u00fcllung. Ein Muss f\u00fcr alle Kaugummi-Fans!<\/p>\n<\/div>\n<\/div>\n<\/div>\n<\/div>\n<\/div>\n<\/div>\n","protected":false},"featured_media":21378,"template":"","meta":[],"product_brand":[2891],"product_cat":[3120],"product_tag":[],"class_list":{"0":"post-21613","1":"product","2":"type-product","3":"status-publish","4":"has-post-thumbnail","6":"product_brand-fini-de","7":"product_cat-susswaren","8":"pa_barcode-8410525243660-de","9":"pa_brand-fini-de","10":"pa_inbox-6-x-200-de","11":"pa_pallet-63-de","12":"pa_shelf-life-24-monat","13":"pa_weight-2-75-gr-de","15":"first","16":"instock","17":"shipping-taxable","18":"product-type-simple"},"_links":{"self":[{"href":"https:\/\/effafood.com\/de\/wp-json\/wp\/v2\/product\/21613","targetHints":{"allow":["GET"]}}],"collection":[{"href":"https:\/\/effafood.com\/de\/wp-json\/wp\/v2\/product"}],"about":[{"href":"https:\/\/effafood.com\/de\/wp-json\/wp\/v2\/types\/product"}],"version-history":[{"count":1,"href":"https:\/\/effafood.com\/de\/wp-json\/wp\/v2\/product\/21613\/revisions"}],"predecessor-version":[{"id":21886,"href":"https:\/\/effafood.com\/de\/wp-json\/wp\/v2\/product\/21613\/revisions\/21886"}],"wp:featuredmedia":[{"embeddable":true,"href":"https:\/\/effafood.com\/de\/wp-json\/wp\/v2\/media\/21378"}],"wp:attachment":[{"href":"https:\/\/effafood.com\/de\/wp-json\/wp\/v2\/media?parent=21613"}],"wp:term":[{"taxonomy":"product_brand","embeddable":true,"href":"https:\/\/effafood.com\/de\/wp-json\/wp\/v2\/product_brand?post=21613"},{"taxonomy":"product_cat","embeddable":true,"href":"https:\/\/effafood.com\/de\/wp-json\/wp\/v2\/product_cat?post=21613"},{"taxonomy":"product_tag","embeddable":true,"href":"https:\/\/effafood.com\/de\/wp-json\/wp\/v2\/product_tag?post=21613"}],"curies":[{"name":"wp","href":"https:\/\/api.w.org\/{rel}","templated":true}]}}