{"id":21610,"date":"2025-01-18T11:13:07","date_gmt":"2025-01-18T11:13:07","guid":{"rendered":"https:\/\/effafood.com\/product\/bananensplit-kaugummi\/"},"modified":"2025-01-18T21:55:43","modified_gmt":"2025-01-18T21:55:43","slug":"bananensplit-kaugummi","status":"publish","type":"product","link":"https:\/\/effafood.com\/de\/product\/bananensplit-kaugummi\/","title":{"rendered":"Bananensplit Kaugummi"},"content":{"rendered":"","protected":false},"excerpt":{"rendered":"<p>INI BANANENSPLIT KAUGUMMI 6X200 ST\u00dcCK<\/p>\n<p>Entdecken Sie den unwiderstehlichen Geschmack von FINI BANANENSPLIT Kaugummi! Diese k\u00f6stlichen Kaugummis mit Bananengeschmack bieten ein einzigartiges Geschmackserlebnis, das sowohl Kinder als auch Erwachsene begeistert.<\/p>\n<p>Jede Packung enth\u00e4lt 200 St\u00fcck frischen und knusprigen Kaugummi, perfekt f\u00fcr den Genuss unterwegs oder zu Hause. Der FINI BANANENSPLIT Kaugummi kommt in einer praktischen Packung mit 6 x 200 St\u00fcck, ideal f\u00fcr Gro\u00df- und Einzelh\u00e4ndler, die ihren Kunden etwas Besonderes bieten m\u00f6chten.<\/p>\n","protected":false},"featured_media":21355,"template":"","meta":[],"product_brand":[2891],"product_cat":[3120],"product_tag":[],"class_list":{"0":"post-21610","1":"product","2":"type-product","3":"status-publish","4":"has-post-thumbnail","6":"product_brand-fini-de","7":"product_cat-susswaren","8":"pa_barcode-8410525198816-de","9":"pa_brand-fini-de","10":"pa_inbox-6-x-200-de","11":"pa_pallet-63-de","12":"pa_shelf-life-24-monat","13":"pa_weight-2-75-gr-de","15":"first","16":"instock","17":"shipping-taxable","18":"product-type-simple"},"_links":{"self":[{"href":"https:\/\/effafood.com\/de\/wp-json\/wp\/v2\/product\/21610","targetHints":{"allow":["GET"]}}],"collection":[{"href":"https:\/\/effafood.com\/de\/wp-json\/wp\/v2\/product"}],"about":[{"href":"https:\/\/effafood.com\/de\/wp-json\/wp\/v2\/types\/product"}],"version-history":[{"count":1,"href":"https:\/\/effafood.com\/de\/wp-json\/wp\/v2\/product\/21610\/revisions"}],"predecessor-version":[{"id":21890,"href":"https:\/\/effafood.com\/de\/wp-json\/wp\/v2\/product\/21610\/revisions\/21890"}],"wp:featuredmedia":[{"embeddable":true,"href":"https:\/\/effafood.com\/de\/wp-json\/wp\/v2\/media\/21355"}],"wp:attachment":[{"href":"https:\/\/effafood.com\/de\/wp-json\/wp\/v2\/media?parent=21610"}],"wp:term":[{"taxonomy":"product_brand","embeddable":true,"href":"https:\/\/effafood.com\/de\/wp-json\/wp\/v2\/product_brand?post=21610"},{"taxonomy":"product_cat","embeddable":true,"href":"https:\/\/effafood.com\/de\/wp-json\/wp\/v2\/product_cat?post=21610"},{"taxonomy":"product_tag","embeddable":true,"href":"https:\/\/effafood.com\/de\/wp-json\/wp\/v2\/product_tag?post=21610"}],"curies":[{"name":"wp","href":"https:\/\/api.w.org\/{rel}","templated":true}]}}