{"id":21608,"date":"2025-01-18T10:59:27","date_gmt":"2025-01-18T10:59:27","guid":{"rendered":"https:\/\/effafood.com\/product\/einhornkugeln-kaugummi\/"},"modified":"2025-01-18T22:01:40","modified_gmt":"2025-01-18T22:01:40","slug":"einhornkugeln-kaugummi","status":"publish","type":"product","link":"https:\/\/effafood.com\/de\/product\/einhornkugeln-kaugummi\/","title":{"rendered":"Einhornkugeln Kaugummi"},"content":{"rendered":"","protected":false},"excerpt":{"rendered":"<div class=\"flex-shrink-0 flex flex-col relative items-end\">\n<div>\n<div class=\"pt-0\">\n<div class=\"gizmo-bot-avatar flex h-8 w-8 items-center justify-center overflow-hidden rounded-full\">\n<div class=\"relative p-1 rounded-sm flex items-center justify-center bg-token-main-surface-primary text-token-text-primary h-8 w-8\">FINI EINHORNKUGELN KAUGUMMI<\/div>\n<\/div>\n<\/div>\n<\/div>\n<\/div>\n<div class=\"group\/conversation-turn relative flex w-full min-w-0 flex-col agent-turn\">\n<div class=\"flex-col gap-1 md:gap-3\">\n<div class=\"flex max-w-full flex-col flex-grow\">\n<div class=\"min-h-8 text-message flex w-full flex-col items-end gap-2 whitespace-normal break-words text-start [.text-message+&amp;]:mt-5\" dir=\"auto\" data-message-author-role=\"assistant\" data-message-id=\"90aeebe8-70df-438c-8158-f1cbbb7fd4c5\" data-message-model-slug=\"gpt-4o-mini\">\n<div class=\"flex w-full flex-col gap-1 empty:hidden first:pt-[3px]\">\n<div class=\"markdown prose w-full break-words dark:prose-invert light\">\n<p>Entdecken Sie die bezaubernden FINI Einhorn-Kaugummis! Diese exquisiten, einzeln verpackten Kaugummis bieten nicht nur einen k\u00f6stlichen Genuss, sondern auch ein magisches Erlebnis. Jede Kaugummikugel ist eine saure, harte Bonbonkugel, die mit unserem geheimen Zauberpulver gef\u00fcllt ist und Ihr Geschmackserlebnis auf eine neue Ebene hebt.<\/p>\n<p>Die leuchtenden Farben der Kaugummis erinnern an die schimmernden H\u00f6rner von Einh\u00f6rnern und verleihen jedem Bissen eine besondere Magie. Sie sind der perfekte Begleiter f\u00fcr Partys, als au\u00dfergew\u00f6hnliches Geschenk oder einfach zum Genie\u00dfen.<\/p>\n<\/div>\n<\/div>\n<\/div>\n<\/div>\n<\/div>\n<\/div>\n","protected":false},"featured_media":21339,"template":"","meta":[],"product_brand":[2891],"product_cat":[3120],"product_tag":[],"class_list":{"0":"post-21608","1":"product","2":"type-product","3":"status-publish","4":"has-post-thumbnail","6":"product_brand-fini-de","7":"product_cat-susswaren","8":"pa_barcode-8410525238031-de","9":"pa_brand-fini-de","10":"pa_inbox-6-x-200-de","11":"pa_pallet-63-de","12":"pa_shelf-life-24-monat","13":"pa_weight-2-75-gr-de","15":"first","16":"instock","17":"shipping-taxable","18":"product-type-simple"},"_links":{"self":[{"href":"https:\/\/effafood.com\/de\/wp-json\/wp\/v2\/product\/21608","targetHints":{"allow":["GET"]}}],"collection":[{"href":"https:\/\/effafood.com\/de\/wp-json\/wp\/v2\/product"}],"about":[{"href":"https:\/\/effafood.com\/de\/wp-json\/wp\/v2\/types\/product"}],"version-history":[{"count":1,"href":"https:\/\/effafood.com\/de\/wp-json\/wp\/v2\/product\/21608\/revisions"}],"predecessor-version":[{"id":21894,"href":"https:\/\/effafood.com\/de\/wp-json\/wp\/v2\/product\/21608\/revisions\/21894"}],"wp:featuredmedia":[{"embeddable":true,"href":"https:\/\/effafood.com\/de\/wp-json\/wp\/v2\/media\/21339"}],"wp:attachment":[{"href":"https:\/\/effafood.com\/de\/wp-json\/wp\/v2\/media?parent=21608"}],"wp:term":[{"taxonomy":"product_brand","embeddable":true,"href":"https:\/\/effafood.com\/de\/wp-json\/wp\/v2\/product_brand?post=21608"},{"taxonomy":"product_cat","embeddable":true,"href":"https:\/\/effafood.com\/de\/wp-json\/wp\/v2\/product_cat?post=21608"},{"taxonomy":"product_tag","embeddable":true,"href":"https:\/\/effafood.com\/de\/wp-json\/wp\/v2\/product_tag?post=21608"}],"curies":[{"name":"wp","href":"https:\/\/api.w.org\/{rel}","templated":true}]}}