{"id":21603,"date":"2025-01-18T10:54:55","date_gmt":"2025-01-18T10:54:55","guid":{"rendered":"https:\/\/effafood.com\/product\/dino-ei-kaugummi\/"},"modified":"2025-01-18T22:03:44","modified_gmt":"2025-01-18T22:03:44","slug":"dino-ei-kaugummi","status":"publish","type":"product","link":"https:\/\/effafood.com\/de\/product\/dino-ei-kaugummi\/","title":{"rendered":"Dino Ei Kaugummi"},"content":{"rendered":"","protected":false},"excerpt":{"rendered":"<p>FINI DINO EI KAUGUMMI<\/p>\n<p>Entdecken Sie die k\u00f6stlichen FINI DINOEGGS Kaugummi in der praktischen Gro\u00dfhandelspackung mit 6\u00d7200 St\u00fcck! Diese bunten Dino-Eier sind nicht nur ein Leckerbissen f\u00fcr Ihre Geschmacksnerven, sondern auch ein gro\u00dfer Spa\u00df. Sie werden vielleicht keinen Dino darin finden, aber die s\u00fc\u00dfen Kaugummis werden Sie auf jeden Fall begeistern!<\/p>\n<p>Die DINOEGGS sind perfekt f\u00fcr den Verkauf oder als Geschenk \u2013 ein einzigartiger Genuss, der immer gut ankommt.<\/p>\n","protected":false},"featured_media":21334,"template":"","meta":[],"product_brand":[2891],"product_cat":[3120],"product_tag":[],"class_list":{"0":"post-21603","1":"product","2":"type-product","3":"status-publish","4":"has-post-thumbnail","6":"product_brand-fini-de","7":"product_cat-susswaren","8":"pa_barcode-8410525155963-de","9":"pa_brand-fini-de","10":"pa_inbox-6-x-200-de","11":"pa_pallet-63-de","12":"pa_shelf-life-24-monat","13":"pa_weight-2-75-gr-de","15":"first","16":"instock","17":"shipping-taxable","18":"product-type-simple"},"_links":{"self":[{"href":"https:\/\/effafood.com\/de\/wp-json\/wp\/v2\/product\/21603","targetHints":{"allow":["GET"]}}],"collection":[{"href":"https:\/\/effafood.com\/de\/wp-json\/wp\/v2\/product"}],"about":[{"href":"https:\/\/effafood.com\/de\/wp-json\/wp\/v2\/types\/product"}],"version-history":[{"count":1,"href":"https:\/\/effafood.com\/de\/wp-json\/wp\/v2\/product\/21603\/revisions"}],"predecessor-version":[{"id":21895,"href":"https:\/\/effafood.com\/de\/wp-json\/wp\/v2\/product\/21603\/revisions\/21895"}],"wp:featuredmedia":[{"embeddable":true,"href":"https:\/\/effafood.com\/de\/wp-json\/wp\/v2\/media\/21334"}],"wp:attachment":[{"href":"https:\/\/effafood.com\/de\/wp-json\/wp\/v2\/media?parent=21603"}],"wp:term":[{"taxonomy":"product_brand","embeddable":true,"href":"https:\/\/effafood.com\/de\/wp-json\/wp\/v2\/product_brand?post=21603"},{"taxonomy":"product_cat","embeddable":true,"href":"https:\/\/effafood.com\/de\/wp-json\/wp\/v2\/product_cat?post=21603"},{"taxonomy":"product_tag","embeddable":true,"href":"https:\/\/effafood.com\/de\/wp-json\/wp\/v2\/product_tag?post=21603"}],"curies":[{"name":"wp","href":"https:\/\/api.w.org\/{rel}","templated":true}]}}