{"id":21602,"date":"2025-01-18T11:37:54","date_gmt":"2025-01-18T11:37:54","guid":{"rendered":"https:\/\/effafood.com\/product\/bumm-erdbeer-kaugummi\/"},"modified":"2025-01-18T21:47:09","modified_gmt":"2025-01-18T21:47:09","slug":"bumm-erdbeer-kaugummi","status":"publish","type":"product","link":"https:\/\/effafood.com\/de\/product\/bumm-erdbeer-kaugummi\/","title":{"rendered":"Bumm Erdbeer Kaugummi"},"content":{"rendered":"","protected":false},"excerpt":{"rendered":"<p>FINI BOOM ERDBEER KAUGUMMI<\/p>\n<p>Extra saure Erdbeer-Hartkaramellen \u2013 au\u00dfen sauer, innen super sprudelnd! Wie lange k\u00f6nnen Sie ihm widerstehen? Entdecken Sie die aufregende Welt von FINI BOOM ERDBEER KAUGUMMI! Diese Karamellen bieten ein intensives Geschmackserlebnis, das Ihre Sinne auf eine Reise schickt. Der \u00e4u\u00dfere sauer-w\u00fcrzige Geschmack trifft auf eine sprudelnde \u00dcberraschung im Inneren und sorgt f\u00fcr ein unvergessliches Erlebnis.<\/p>\n<p>Die perfekte Leckerei f\u00fcr alle, die intensive Geschmacksrichtungen und Spa\u00df lieben!<\/p>\n","protected":false},"featured_media":21393,"template":"","meta":[],"product_brand":[2891],"product_cat":[3120],"product_tag":[],"class_list":{"0":"post-21602","1":"product","2":"type-product","3":"status-publish","4":"has-post-thumbnail","6":"product_brand-fini-de","7":"product_cat-susswaren","8":"pa_barcode-8410525181986-de","9":"pa_brand-fini-de","10":"pa_inbox-6-x-200-de","11":"pa_pallet-63-de","12":"pa_shelf-life-24-monat","13":"pa_weight-2-75-gr-de","15":"first","16":"instock","17":"shipping-taxable","18":"product-type-simple"},"_links":{"self":[{"href":"https:\/\/effafood.com\/de\/wp-json\/wp\/v2\/product\/21602","targetHints":{"allow":["GET"]}}],"collection":[{"href":"https:\/\/effafood.com\/de\/wp-json\/wp\/v2\/product"}],"about":[{"href":"https:\/\/effafood.com\/de\/wp-json\/wp\/v2\/types\/product"}],"version-history":[{"count":1,"href":"https:\/\/effafood.com\/de\/wp-json\/wp\/v2\/product\/21602\/revisions"}],"predecessor-version":[{"id":21864,"href":"https:\/\/effafood.com\/de\/wp-json\/wp\/v2\/product\/21602\/revisions\/21864"}],"wp:featuredmedia":[{"embeddable":true,"href":"https:\/\/effafood.com\/de\/wp-json\/wp\/v2\/media\/21393"}],"wp:attachment":[{"href":"https:\/\/effafood.com\/de\/wp-json\/wp\/v2\/media?parent=21602"}],"wp:term":[{"taxonomy":"product_brand","embeddable":true,"href":"https:\/\/effafood.com\/de\/wp-json\/wp\/v2\/product_brand?post=21602"},{"taxonomy":"product_cat","embeddable":true,"href":"https:\/\/effafood.com\/de\/wp-json\/wp\/v2\/product_cat?post=21602"},{"taxonomy":"product_tag","embeddable":true,"href":"https:\/\/effafood.com\/de\/wp-json\/wp\/v2\/product_tag?post=21602"}],"curies":[{"name":"wp","href":"https:\/\/api.w.org\/{rel}","templated":true}]}}