{"id":21599,"date":"2025-01-18T10:49:30","date_gmt":"2025-01-18T10:49:30","guid":{"rendered":"https:\/\/effafood.com\/product\/tennisball-kaugummi\/"},"modified":"2025-01-18T22:05:48","modified_gmt":"2025-01-18T22:05:48","slug":"tennisball-kaugummi","status":"publish","type":"product","link":"https:\/\/effafood.com\/de\/product\/tennisball-kaugummi\/","title":{"rendered":"Tennisball Kaugummi"},"content":{"rendered":"","protected":false},"excerpt":{"rendered":"<p>FINI TENNISBALL KAUGUMMI<\/p>\n<p>Entfesseln Sie Ihr Spiel mit FINI Tennis Ball Kaugummi! Diese sauren Tennisball-Kaugummis sind wie die echten Tennisb\u00e4lle geformt und bieten ein einzigartiges, fruchtig-saures Geschmackserlebnis, das Ihre Geschmacksknospen auf Trab bringen wird. Jeder Bissen sorgt f\u00fcr einen erfrischenden Genuss, der Ihnen das Gef\u00fchl gibt, das n\u00e4chste Match zu gewinnen!<\/p>\n<p>Perfekt f\u00fcr Tennisliebhaber und alle, die Spa\u00df an einem au\u00dfergew\u00f6hnlichen Snack haben, sind die Sour Tennis Gum Balls ein echter Hingucker auf jedem Tennisplatz. Ideal f\u00fcr einen Snack zwischendurch oder als s\u00fc\u00dfer Begleiter beim n\u00e4chsten Sportevent!<\/p>\n","protected":false},"featured_media":21329,"template":"","meta":[],"product_brand":[2891],"product_cat":[3120],"product_tag":[],"class_list":{"0":"post-21599","1":"product","2":"type-product","3":"status-publish","4":"has-post-thumbnail","6":"product_brand-fini-de","7":"product_cat-susswaren","8":"pa_barcode-8410525175039-de","9":"pa_brand-fini-de","10":"pa_inbox-6-x-200-de","11":"pa_pallet-63-de","12":"pa_shelf-life-24-monat","13":"pa_weight-2-75-gr-de","15":"first","16":"instock","17":"shipping-taxable","18":"product-type-simple"},"_links":{"self":[{"href":"https:\/\/effafood.com\/de\/wp-json\/wp\/v2\/product\/21599","targetHints":{"allow":["GET"]}}],"collection":[{"href":"https:\/\/effafood.com\/de\/wp-json\/wp\/v2\/product"}],"about":[{"href":"https:\/\/effafood.com\/de\/wp-json\/wp\/v2\/types\/product"}],"version-history":[{"count":1,"href":"https:\/\/effafood.com\/de\/wp-json\/wp\/v2\/product\/21599\/revisions"}],"predecessor-version":[{"id":21896,"href":"https:\/\/effafood.com\/de\/wp-json\/wp\/v2\/product\/21599\/revisions\/21896"}],"wp:featuredmedia":[{"embeddable":true,"href":"https:\/\/effafood.com\/de\/wp-json\/wp\/v2\/media\/21329"}],"wp:attachment":[{"href":"https:\/\/effafood.com\/de\/wp-json\/wp\/v2\/media?parent=21599"}],"wp:term":[{"taxonomy":"product_brand","embeddable":true,"href":"https:\/\/effafood.com\/de\/wp-json\/wp\/v2\/product_brand?post=21599"},{"taxonomy":"product_cat","embeddable":true,"href":"https:\/\/effafood.com\/de\/wp-json\/wp\/v2\/product_cat?post=21599"},{"taxonomy":"product_tag","embeddable":true,"href":"https:\/\/effafood.com\/de\/wp-json\/wp\/v2\/product_tag?post=21599"}],"curies":[{"name":"wp","href":"https:\/\/api.w.org\/{rel}","templated":true}]}}