{"id":21597,"date":"2025-01-18T11:43:10","date_gmt":"2025-01-18T11:43:10","guid":{"rendered":"https:\/\/effafood.com\/product\/spinner-schlacht-kaugummi\/"},"modified":"2025-01-18T21:41:59","modified_gmt":"2025-01-18T21:41:59","slug":"spinner-schlacht-kaugummi","status":"publish","type":"product","link":"https:\/\/effafood.com\/de\/product\/spinner-schlacht-kaugummi\/","title":{"rendered":"Spinner Schlacht Kaugummi"},"content":{"rendered":"","protected":false},"excerpt":{"rendered":"<div class=\"flex-shrink-0 flex flex-col relative items-end\">\n<div class=\"pt-0\">\n<div class=\"gizmo-bot-avatar flex h-8 w-8 items-center justify-center overflow-hidden rounded-full\">\n<div class=\"relative p-1 rounded-sm flex items-center justify-center bg-token-main-surface-primary text-token-text-primary h-8 w-8\">\n<p>FINI SPINNER SCHLACHT Kaugummi<\/p>\n<p>Ein aufregendes Bonbon-Erlebnis, das Ihre Geschmacksknospen in Wallung bringt! Treten Sie ein in die aufregende Welt von FINI SPINNER SCHLACHT Kaugummi! Mit jeder Packung von 200 St\u00fcck erleben Sie eine s\u00fc\u00df-saure Geschmacksschlacht wie nie zuvor. Diese sich drehenden, lustig geformten Kaugummis sind so konzipiert, dass sie einen k\u00f6stlichen Geschmacksschub liefern, der Sie immer wieder zur\u00fcckkommen l\u00e4sst.<\/p>\n<p>FINI SPINNER SCHLACHT Kaugummi eignet sich perfekt f\u00fcr Partys, Veranstaltungen oder einfach nur, um ein bisschen Spa\u00df in den Tag zu bringen und ist sicher ein Hit f\u00fcr S\u00fc\u00dfigkeitenliebhaber jeden Alters. Lassen Sie die Geschmacksschlacht beginnen!<\/p>\n<\/div>\n<\/div>\n<\/div>\n<\/div>\n","protected":false},"featured_media":21403,"template":"","meta":[],"product_brand":[2891],"product_cat":[3120],"product_tag":[],"class_list":{"0":"post-21597","1":"product","2":"type-product","3":"status-publish","4":"has-post-thumbnail","6":"product_brand-fini-de","7":"product_cat-susswaren","8":"pa_barcode-8410525254925-de","9":"pa_brand-fini-de","10":"pa_inbox-6-x-200-de","11":"pa_pallet-63-de","12":"pa_shelf-life-24-monat","13":"pa_weight-2-75-gr-de","15":"first","16":"instock","17":"shipping-taxable","18":"product-type-simple"},"_links":{"self":[{"href":"https:\/\/effafood.com\/de\/wp-json\/wp\/v2\/product\/21597","targetHints":{"allow":["GET"]}}],"collection":[{"href":"https:\/\/effafood.com\/de\/wp-json\/wp\/v2\/product"}],"about":[{"href":"https:\/\/effafood.com\/de\/wp-json\/wp\/v2\/types\/product"}],"version-history":[{"count":2,"href":"https:\/\/effafood.com\/de\/wp-json\/wp\/v2\/product\/21597\/revisions"}],"predecessor-version":[{"id":21861,"href":"https:\/\/effafood.com\/de\/wp-json\/wp\/v2\/product\/21597\/revisions\/21861"}],"wp:featuredmedia":[{"embeddable":true,"href":"https:\/\/effafood.com\/de\/wp-json\/wp\/v2\/media\/21403"}],"wp:attachment":[{"href":"https:\/\/effafood.com\/de\/wp-json\/wp\/v2\/media?parent=21597"}],"wp:term":[{"taxonomy":"product_brand","embeddable":true,"href":"https:\/\/effafood.com\/de\/wp-json\/wp\/v2\/product_brand?post=21597"},{"taxonomy":"product_cat","embeddable":true,"href":"https:\/\/effafood.com\/de\/wp-json\/wp\/v2\/product_cat?post=21597"},{"taxonomy":"product_tag","embeddable":true,"href":"https:\/\/effafood.com\/de\/wp-json\/wp\/v2\/product_tag?post=21597"}],"curies":[{"name":"wp","href":"https:\/\/api.w.org\/{rel}","templated":true}]}}