{"id":21591,"date":"2025-01-18T11:19:41","date_gmt":"2025-01-18T11:19:41","guid":{"rendered":"https:\/\/effafood.com\/product\/panna-fragola-kaugummi\/"},"modified":"2025-01-18T21:52:33","modified_gmt":"2025-01-18T21:52:33","slug":"panna-fragola-kaugummi","status":"publish","type":"product","link":"https:\/\/effafood.com\/de\/product\/panna-fragola-kaugummi\/","title":{"rendered":"Panna Fragola Kaugummi"},"content":{"rendered":"","protected":false},"excerpt":{"rendered":"<p>FINI PANNA FRAGOLA KAUGUMMI<\/p>\n<p>Kaugummi mit Erdbeer- und Sahnegeschmack \u2013 Irisierender Effekt und fl\u00fcssige F\u00fcllung! Entdecken Sie die k\u00f6stliche Welt der FINI PANNA FRAGOLA GUM! Diese himmlischen Kaugummis mit Erdbeer- und Sahnegeschmack sind ein wahrer Genuss f\u00fcr alle S\u00fc\u00dfigkeitenliebhaber.<\/p>\n<p>Jeder Biss offenbart ein verf\u00fchrerisches Aroma, das Sie in einen schmackhaften Erdbeertraum entf\u00fchrt. G\u00f6nnen Sie sich den s\u00fc\u00dfen Genuss der FINI PANNA FRAGOLA GUM und lassen Sie sich von dem einzigartigen Geschmackserlebnis verf\u00fchren. Perfekt als kleines Geschenk oder als schmackhafte Erg\u00e4nzung f\u00fcr Ihre S\u00fc\u00dfigkeitenbar!<\/p>\n","protected":false},"featured_media":21366,"template":"","meta":[],"product_brand":[2891],"product_cat":[3120],"product_tag":[],"class_list":{"0":"post-21591","1":"product","2":"type-product","3":"status-publish","4":"has-post-thumbnail","6":"product_brand-fini-de","7":"product_cat-susswaren","8":"pa_barcode-8410525194016-de","9":"pa_brand-fini-de","10":"pa_inbox-6-x-200-de","11":"pa_pallet-63-de","12":"pa_shelf-life-24-monat","13":"pa_weight-2-75-gr-de","15":"first","16":"instock","17":"shipping-taxable","18":"product-type-simple"},"_links":{"self":[{"href":"https:\/\/effafood.com\/de\/wp-json\/wp\/v2\/product\/21591","targetHints":{"allow":["GET"]}}],"collection":[{"href":"https:\/\/effafood.com\/de\/wp-json\/wp\/v2\/product"}],"about":[{"href":"https:\/\/effafood.com\/de\/wp-json\/wp\/v2\/types\/product"}],"version-history":[{"count":1,"href":"https:\/\/effafood.com\/de\/wp-json\/wp\/v2\/product\/21591\/revisions"}],"predecessor-version":[{"id":21888,"href":"https:\/\/effafood.com\/de\/wp-json\/wp\/v2\/product\/21591\/revisions\/21888"}],"wp:featuredmedia":[{"embeddable":true,"href":"https:\/\/effafood.com\/de\/wp-json\/wp\/v2\/media\/21366"}],"wp:attachment":[{"href":"https:\/\/effafood.com\/de\/wp-json\/wp\/v2\/media?parent=21591"}],"wp:term":[{"taxonomy":"product_brand","embeddable":true,"href":"https:\/\/effafood.com\/de\/wp-json\/wp\/v2\/product_brand?post=21591"},{"taxonomy":"product_cat","embeddable":true,"href":"https:\/\/effafood.com\/de\/wp-json\/wp\/v2\/product_cat?post=21591"},{"taxonomy":"product_tag","embeddable":true,"href":"https:\/\/effafood.com\/de\/wp-json\/wp\/v2\/product_tag?post=21591"}],"curies":[{"name":"wp","href":"https:\/\/api.w.org\/{rel}","templated":true}]}}