{"id":21589,"date":"2025-01-18T11:25:01","date_gmt":"2025-01-18T11:25:01","guid":{"rendered":"https:\/\/effafood.com\/product\/splash-kaugummi\/"},"modified":"2025-01-18T21:51:39","modified_gmt":"2025-01-18T21:51:39","slug":"splash-kaugummi","status":"publish","type":"product","link":"https:\/\/effafood.com\/de\/product\/splash-kaugummi\/","title":{"rendered":"Splash Kaugummi"},"content":{"rendered":"","protected":false},"excerpt":{"rendered":"<div class=\"flex-shrink-0 flex flex-col relative items-end\">\n<div>\n<div class=\"pt-0\">\n<div class=\"gizmo-bot-avatar flex h-8 w-8 items-center justify-center overflow-hidden rounded-full\">\n<div class=\"relative p-1 rounded-sm flex items-center justify-center bg-token-main-surface-primary text-token-text-primary h-8 w-8\">FINI SPLASH KAUGUMMI<\/div>\n<\/div>\n<\/div>\n<\/div>\n<\/div>\n<div class=\"group\/conversation-turn relative flex w-full min-w-0 flex-col agent-turn\">\n<div class=\"flex-col gap-1 md:gap-3\">\n<div class=\"flex max-w-full flex-col flex-grow\">\n<div class=\"min-h-8 text-message flex w-full flex-col items-end gap-2 whitespace-normal break-words text-start [.text-message+&amp;]:mt-5\" dir=\"auto\" data-message-author-role=\"assistant\" data-message-id=\"ab826573-1ae0-4e49-9b48-fcc901bb5b44\" data-message-model-slug=\"gpt-4o-mini\">\n<div class=\"flex w-full flex-col gap-1 empty:hidden first:pt-[3px]\">\n<div class=\"markdown prose w-full break-words dark:prose-invert light\">\n<p>Kaugummi mit Multifruchtgeschmack \u2013 Schillernder Effekt inklusive! Entdecken Sie den faszinierenden FINI SPLASH GUM mit 200 St\u00fcck, der vor k\u00f6stlichem Multifruchtgeschmack nur so strotzt! Diese Kaugummis sind nicht nur ein Genuss f\u00fcr Ihre Geschmacksknospen, sondern beeindrucken auch durch ihren schillernden Effekt, der Ihre Sinne verzaubern wird.<\/p>\n<p>Lassen Sie sich von der fruchtigen Vielfalt inspirieren und genie\u00dfen Sie ein Erlebnis, das Ihren Tag erhellt. Probieren Sie sie aus und lassen Sie sich von diesem spritzigen und einzigartigen Geschmack \u00fcberraschen!<\/p>\n<\/div>\n<\/div>\n<\/div>\n<\/div>\n<\/div>\n<\/div>\n","protected":false},"featured_media":21373,"template":"","meta":[],"product_brand":[2891],"product_cat":[3120],"product_tag":[],"class_list":{"0":"post-21589","1":"product","2":"type-product","3":"status-publish","4":"has-post-thumbnail","6":"product_brand-fini-de","7":"product_cat-susswaren","8":"pa_barcode-8410525246111-de","9":"pa_brand-fini-de","10":"pa_inbox-6-x-200-de","11":"pa_pallet-63-de","12":"pa_shelf-life-24-monat","13":"pa_weight-2-75-gr-de","15":"first","16":"instock","17":"shipping-taxable","18":"product-type-simple"},"_links":{"self":[{"href":"https:\/\/effafood.com\/de\/wp-json\/wp\/v2\/product\/21589","targetHints":{"allow":["GET"]}}],"collection":[{"href":"https:\/\/effafood.com\/de\/wp-json\/wp\/v2\/product"}],"about":[{"href":"https:\/\/effafood.com\/de\/wp-json\/wp\/v2\/types\/product"}],"version-history":[{"count":1,"href":"https:\/\/effafood.com\/de\/wp-json\/wp\/v2\/product\/21589\/revisions"}],"predecessor-version":[{"id":21887,"href":"https:\/\/effafood.com\/de\/wp-json\/wp\/v2\/product\/21589\/revisions\/21887"}],"wp:featuredmedia":[{"embeddable":true,"href":"https:\/\/effafood.com\/de\/wp-json\/wp\/v2\/media\/21373"}],"wp:attachment":[{"href":"https:\/\/effafood.com\/de\/wp-json\/wp\/v2\/media?parent=21589"}],"wp:term":[{"taxonomy":"product_brand","embeddable":true,"href":"https:\/\/effafood.com\/de\/wp-json\/wp\/v2\/product_brand?post=21589"},{"taxonomy":"product_cat","embeddable":true,"href":"https:\/\/effafood.com\/de\/wp-json\/wp\/v2\/product_cat?post=21589"},{"taxonomy":"product_tag","embeddable":true,"href":"https:\/\/effafood.com\/de\/wp-json\/wp\/v2\/product_tag?post=21589"}],"curies":[{"name":"wp","href":"https:\/\/api.w.org\/{rel}","templated":true}]}}