{"id":21314,"date":"2025-01-12T16:12:46","date_gmt":"2025-01-12T16:12:46","guid":{"rendered":"https:\/\/effafood.com\/product\/woowafers-mit-vanille-familienpackung\/"},"modified":"2025-01-18T23:00:40","modified_gmt":"2025-01-18T23:00:40","slug":"woowafers-mit-vanille-familienpackung","status":"publish","type":"product","link":"https:\/\/effafood.com\/de\/product\/woowafers-mit-vanille-familienpackung\/","title":{"rendered":"Woowafers mit Vanille (Familienpackung)"},"content":{"rendered":"","protected":false},"excerpt":{"rendered":"<p>Woowafers Vanille-Waffeln mit Vanille Geschmacksf\u00fcllung<\/p>\n<p>Die Woowafers Vanille-Waffeln sind die perfekte Erg\u00e4nzung f\u00fcr Ihr Zuhause. Sie bieten einen k\u00f6stlichen Genuss, den Sie immer wieder erleben m\u00f6chten. Diese Waffeln bestehen aus vier Schichten leichter, knuspriger Waffelbl\u00e4tter, die mit einer weichen, duftenden Creme mit Vanillegeschmack gef\u00fcllt sind.<\/p>\n<p>Mit ihrer zarten Textur und dem wohltuenden Vanillegeschmack werden diese Waffeln sicherlich zu einem Favoriten. G\u00f6nnen Sie sich einen Moment des Genusses und erleben Sie den unverwechselbaren Geschmack von Woowafers Vanilla.<\/p>\n","protected":false},"featured_media":21075,"template":"","meta":[],"product_brand":[2895],"product_cat":[441],"product_tag":[],"class_list":{"0":"post-21314","1":"product","2":"type-product","3":"status-publish","4":"has-post-thumbnail","6":"product_brand-kbf-de","7":"product_cat-snacks-de","8":"pa_barcode-4823017509481-de","9":"pa_brand-kbf-de","10":"pa_inbox-12-de","11":"pa_pallet-60-de","12":"pa_shelf-life-12-monat","13":"pa_weight-2-420-gr-de","15":"first","16":"instock","17":"shipping-taxable","18":"product-type-simple"},"_links":{"self":[{"href":"https:\/\/effafood.com\/de\/wp-json\/wp\/v2\/product\/21314","targetHints":{"allow":["GET"]}}],"collection":[{"href":"https:\/\/effafood.com\/de\/wp-json\/wp\/v2\/product"}],"about":[{"href":"https:\/\/effafood.com\/de\/wp-json\/wp\/v2\/types\/product"}],"version-history":[{"count":1,"href":"https:\/\/effafood.com\/de\/wp-json\/wp\/v2\/product\/21314\/revisions"}],"predecessor-version":[{"id":21930,"href":"https:\/\/effafood.com\/de\/wp-json\/wp\/v2\/product\/21314\/revisions\/21930"}],"wp:featuredmedia":[{"embeddable":true,"href":"https:\/\/effafood.com\/de\/wp-json\/wp\/v2\/media\/21075"}],"wp:attachment":[{"href":"https:\/\/effafood.com\/de\/wp-json\/wp\/v2\/media?parent=21314"}],"wp:term":[{"taxonomy":"product_brand","embeddable":true,"href":"https:\/\/effafood.com\/de\/wp-json\/wp\/v2\/product_brand?post=21314"},{"taxonomy":"product_cat","embeddable":true,"href":"https:\/\/effafood.com\/de\/wp-json\/wp\/v2\/product_cat?post=21314"},{"taxonomy":"product_tag","embeddable":true,"href":"https:\/\/effafood.com\/de\/wp-json\/wp\/v2\/product_tag?post=21314"}],"curies":[{"name":"wp","href":"https:\/\/api.w.org\/{rel}","templated":true}]}}