{"id":21288,"date":"2025-01-12T15:40:27","date_gmt":"2025-01-12T15:40:27","guid":{"rendered":"https:\/\/effafood.com\/product\/mindy-schweizer-broetchen-mit-erdbeergeschmack\/"},"modified":"2025-01-18T23:09:41","modified_gmt":"2025-01-18T23:09:41","slug":"mindy-schweizer-broetchen-mit-erdbeergeschmack","status":"publish","type":"product","link":"https:\/\/effafood.com\/de\/product\/mindy-schweizer-broetchen-mit-erdbeergeschmack\/","title":{"rendered":"Mindy Schweizer Kuchen mit Erdbeergeschmack"},"content":{"rendered":"","protected":false},"excerpt":{"rendered":"<p>Mindy Schweizer Kuchen mit Erdbeergeschmack<\/p>\n<p>Die Mindy Schweizer Kuchen mit Erdbeergeschmack ist ein Dessert, das mit jedem Bissen begeistert und \u00fcberrascht. Der weiche, zarte Biskuitkuchen ist mit einer k\u00f6stlichen Erdbeerf\u00fcllung gef\u00fcllt, die ein perfektes Gleichgewicht aus S\u00fc\u00dfe und Geschmack bietet.<\/p>\n<p>Verziert mit einer feinen Konditoreiglasur ist das Kuchen nicht nur k\u00f6stlich, sondern auch optisch sehr ansprechend. Dieses Dessert eignet sich ideal zu aromatischem Kaffee oder hei\u00dfem Tee und wird mit seinem lebhaften Geschmack und seiner k\u00f6stlichen Textur jede Gelegenheit bereichern.<\/p>\n","protected":false},"featured_media":21025,"template":"","meta":[],"product_brand":[2895],"product_cat":[441],"product_tag":[],"class_list":{"0":"post-21288","1":"product","2":"type-product","3":"status-publish","4":"has-post-thumbnail","6":"product_brand-kbf-de","7":"product_cat-snacks-de","8":"pa_barcode-4823017509115-de","9":"pa_brand-kbf-de","10":"pa_inbox-12-de","11":"pa_pallet-88-de","12":"pa_shelf-life-12-monat","13":"pa_weight-2-250-gr-de","15":"first","16":"instock","17":"shipping-taxable","18":"product-type-simple"},"_links":{"self":[{"href":"https:\/\/effafood.com\/de\/wp-json\/wp\/v2\/product\/21288","targetHints":{"allow":["GET"]}}],"collection":[{"href":"https:\/\/effafood.com\/de\/wp-json\/wp\/v2\/product"}],"about":[{"href":"https:\/\/effafood.com\/de\/wp-json\/wp\/v2\/types\/product"}],"version-history":[{"count":2,"href":"https:\/\/effafood.com\/de\/wp-json\/wp\/v2\/product\/21288\/revisions"}],"predecessor-version":[{"id":21953,"href":"https:\/\/effafood.com\/de\/wp-json\/wp\/v2\/product\/21288\/revisions\/21953"}],"wp:featuredmedia":[{"embeddable":true,"href":"https:\/\/effafood.com\/de\/wp-json\/wp\/v2\/media\/21025"}],"wp:attachment":[{"href":"https:\/\/effafood.com\/de\/wp-json\/wp\/v2\/media?parent=21288"}],"wp:term":[{"taxonomy":"product_brand","embeddable":true,"href":"https:\/\/effafood.com\/de\/wp-json\/wp\/v2\/product_brand?post=21288"},{"taxonomy":"product_cat","embeddable":true,"href":"https:\/\/effafood.com\/de\/wp-json\/wp\/v2\/product_cat?post=21288"},{"taxonomy":"product_tag","embeddable":true,"href":"https:\/\/effafood.com\/de\/wp-json\/wp\/v2\/product_tag?post=21288"}],"curies":[{"name":"wp","href":"https:\/\/api.w.org\/{rel}","templated":true}]}}