{"id":21284,"date":"2025-01-12T14:44:04","date_gmt":"2025-01-12T14:44:04","guid":{"rendered":"https:\/\/effafood.com\/product\/mindy-puff-choco\/"},"modified":"2025-01-18T23:22:32","modified_gmt":"2025-01-18T23:22:32","slug":"mindy-puff-choco","status":"publish","type":"product","link":"https:\/\/effafood.com\/de\/product\/mindy-puff-choco\/","title":{"rendered":"Mindy Puff Choco"},"content":{"rendered":"","protected":false},"excerpt":{"rendered":"<p>Mindy Puff Choco<\/p>\n<p>&#8222;Puff CHOCO&#8220; ist eine k\u00f6stliche Leckerei aus zarten Zuckerpl\u00e4tzchen, die mit weichen Marshmallows gef\u00fcllt und mit einem raffinierten Vanillearoma verfeinert sind. Das Dessert ist elegant mit einer leichten Prise Kakao bestreut und bietet eine perfekte Balance aus S\u00fc\u00dfe und Geschmack. &#8222;Puff CHOCO&#8220; eignet sich ideal, um ihn mit Ihrem Lieblingstee zu genie\u00dfen und verspricht, Ihre t\u00e4glichen Momente mit einem Hauch von Genuss zu bereichern.<\/p>\n","protected":false},"featured_media":20951,"template":"","meta":[],"product_brand":[2895],"product_cat":[441],"product_tag":[],"class_list":{"0":"post-21284","1":"product","2":"type-product","3":"status-publish","4":"has-post-thumbnail","6":"product_brand-kbf-de","7":"product_cat-snacks-de","8":"pa_barcode-4823017509122-de","9":"pa_brand-kbf-de","10":"pa_inbox-14-de","11":"pa_pallet-80-de","12":"pa_shelf-life-12-monat","13":"pa_weight-2-120-gr-de","15":"first","16":"instock","17":"shipping-taxable","18":"product-type-simple"},"_links":{"self":[{"href":"https:\/\/effafood.com\/de\/wp-json\/wp\/v2\/product\/21284","targetHints":{"allow":["GET"]}}],"collection":[{"href":"https:\/\/effafood.com\/de\/wp-json\/wp\/v2\/product"}],"about":[{"href":"https:\/\/effafood.com\/de\/wp-json\/wp\/v2\/types\/product"}],"version-history":[{"count":1,"href":"https:\/\/effafood.com\/de\/wp-json\/wp\/v2\/product\/21284\/revisions"}],"predecessor-version":[{"id":21952,"href":"https:\/\/effafood.com\/de\/wp-json\/wp\/v2\/product\/21284\/revisions\/21952"}],"wp:featuredmedia":[{"embeddable":true,"href":"https:\/\/effafood.com\/de\/wp-json\/wp\/v2\/media\/20951"}],"wp:attachment":[{"href":"https:\/\/effafood.com\/de\/wp-json\/wp\/v2\/media?parent=21284"}],"wp:term":[{"taxonomy":"product_brand","embeddable":true,"href":"https:\/\/effafood.com\/de\/wp-json\/wp\/v2\/product_brand?post=21284"},{"taxonomy":"product_cat","embeddable":true,"href":"https:\/\/effafood.com\/de\/wp-json\/wp\/v2\/product_cat?post=21284"},{"taxonomy":"product_tag","embeddable":true,"href":"https:\/\/effafood.com\/de\/wp-json\/wp\/v2\/product_tag?post=21284"}],"curies":[{"name":"wp","href":"https:\/\/api.w.org\/{rel}","templated":true}]}}