{"id":21187,"date":"2025-01-12T18:06:38","date_gmt":"2025-01-12T18:06:38","guid":{"rendered":"https:\/\/effafood.com\/product\/everbis-karamellisierter-keks\/"},"modified":"2025-01-18T22:46:37","modified_gmt":"2025-01-18T22:46:37","slug":"everbis-karamellisierter-keks","status":"publish","type":"product","link":"https:\/\/effafood.com\/de\/product\/everbis-karamellisierter-keks\/","title":{"rendered":"Everbis Karamellisierter Keks"},"content":{"rendered":"","protected":false},"excerpt":{"rendered":"<p>EVERBIS KARAMELLISIERTER KEKS<\/p>\n<p>Die karamellisierten Zuckerpl\u00e4tzchen von Everbis bieten ein reichhaltiges und geschmackvolles Erlebnis mit der perfekten Balance aus Karamell und Zimt. Diese Kekse sind ideal f\u00fcr alle, die s\u00fc\u00dfe, aromatische Leckereien sch\u00e4tzen.<\/p>\n<p>Die karamellisierten Kekse von Everbis passen hervorragend zu einer Tasse aromatischen Kaffees oder als k\u00f6stliche Erg\u00e4nzung zu einer Teeparty und bringen einen Hauch von W\u00e4rme und S\u00fc\u00dfe zu jeder Gelegenheit. Genie\u00dfen Sie den k\u00f6stlichen Geschmack mit jedem Bissen.<\/p>\n","protected":false},"featured_media":21184,"template":"","meta":[],"product_brand":[2895],"product_cat":[441],"product_tag":[],"class_list":{"0":"post-21187","1":"product","2":"type-product","3":"status-publish","4":"has-post-thumbnail","6":"product_brand-kbf-de","7":"product_cat-snacks-de","8":"pa_barcode-4823017508538-de","9":"pa_brand-kbf-de","10":"pa_inbox-24-de","11":"pa_pallet-120-de","12":"pa_shelf-life-12-monat","13":"pa_weight-2-140-gr-de","15":"first","16":"instock","17":"shipping-taxable","18":"product-type-simple"},"_links":{"self":[{"href":"https:\/\/effafood.com\/de\/wp-json\/wp\/v2\/product\/21187","targetHints":{"allow":["GET"]}}],"collection":[{"href":"https:\/\/effafood.com\/de\/wp-json\/wp\/v2\/product"}],"about":[{"href":"https:\/\/effafood.com\/de\/wp-json\/wp\/v2\/types\/product"}],"version-history":[{"count":1,"href":"https:\/\/effafood.com\/de\/wp-json\/wp\/v2\/product\/21187\/revisions"}],"predecessor-version":[{"id":21915,"href":"https:\/\/effafood.com\/de\/wp-json\/wp\/v2\/product\/21187\/revisions\/21915"}],"wp:featuredmedia":[{"embeddable":true,"href":"https:\/\/effafood.com\/de\/wp-json\/wp\/v2\/media\/21184"}],"wp:attachment":[{"href":"https:\/\/effafood.com\/de\/wp-json\/wp\/v2\/media?parent=21187"}],"wp:term":[{"taxonomy":"product_brand","embeddable":true,"href":"https:\/\/effafood.com\/de\/wp-json\/wp\/v2\/product_brand?post=21187"},{"taxonomy":"product_cat","embeddable":true,"href":"https:\/\/effafood.com\/de\/wp-json\/wp\/v2\/product_cat?post=21187"},{"taxonomy":"product_tag","embeddable":true,"href":"https:\/\/effafood.com\/de\/wp-json\/wp\/v2\/product_tag?post=21187"}],"curies":[{"name":"wp","href":"https:\/\/api.w.org\/{rel}","templated":true}]}}