{"id":21156,"date":"2025-01-12T17:56:45","date_gmt":"2025-01-12T17:56:45","guid":{"rendered":"https:\/\/effafood.com\/product\/everbis-kekse-mit-vanille-fuellung\/"},"modified":"2025-01-18T22:51:27","modified_gmt":"2025-01-18T22:51:27","slug":"everbis-kekse-mit-vanille-fuellung","status":"publish","type":"product","link":"https:\/\/effafood.com\/de\/product\/everbis-kekse-mit-vanille-fuellung\/","title":{"rendered":"Everbis Kekse mit Vanille F\u00fcllung"},"content":{"rendered":"","protected":false},"excerpt":{"rendered":"<p>Everbis Zuckerpl\u00e4tzchen mit Vanillearoma-F\u00fcllung<\/p>\n<p>F\u00fcr alle, die subtile, raffinierte Aromen sch\u00e4tzen, sind die Everbis Zuckerpl\u00e4tzchen mit Vanillef\u00fcllung ein wahrer Genuss. Diese duftenden Kekse sind perfekt mit einer zarten, delikaten Vanillecreme gef\u00fcllt und bieten ein harmonisches Gleichgewicht von Geschmack und Textur.<\/p>\n<p>In der praktischen \u201eFamilienpackung\u201c verpackt, eignen sich diese Kekse ideal zum Teilen und sorgen daf\u00fcr, dass alle genug zum Genie\u00dfen haben.<\/p>\n","protected":false},"featured_media":21153,"template":"","meta":[],"product_brand":[2895],"product_cat":[441],"product_tag":[],"class_list":{"0":"post-21156","1":"product","2":"type-product","3":"status-publish","4":"has-post-thumbnail","6":"product_brand-kbf-de","7":"product_cat-snacks-de","8":"pa_barcode-4823017509153-de","9":"pa_brand-kbf-de","10":"pa_inbox-12-de","11":"pa_pallet-153-de","12":"pa_shelf-life-12-monat","13":"pa_weight-2-272-gr-de","15":"first","16":"instock","17":"shipping-taxable","18":"product-type-simple"},"_links":{"self":[{"href":"https:\/\/effafood.com\/de\/wp-json\/wp\/v2\/product\/21156","targetHints":{"allow":["GET"]}}],"collection":[{"href":"https:\/\/effafood.com\/de\/wp-json\/wp\/v2\/product"}],"about":[{"href":"https:\/\/effafood.com\/de\/wp-json\/wp\/v2\/types\/product"}],"version-history":[{"count":1,"href":"https:\/\/effafood.com\/de\/wp-json\/wp\/v2\/product\/21156\/revisions"}],"predecessor-version":[{"id":21920,"href":"https:\/\/effafood.com\/de\/wp-json\/wp\/v2\/product\/21156\/revisions\/21920"}],"wp:featuredmedia":[{"embeddable":true,"href":"https:\/\/effafood.com\/de\/wp-json\/wp\/v2\/media\/21153"}],"wp:attachment":[{"href":"https:\/\/effafood.com\/de\/wp-json\/wp\/v2\/media?parent=21156"}],"wp:term":[{"taxonomy":"product_brand","embeddable":true,"href":"https:\/\/effafood.com\/de\/wp-json\/wp\/v2\/product_brand?post=21156"},{"taxonomy":"product_cat","embeddable":true,"href":"https:\/\/effafood.com\/de\/wp-json\/wp\/v2\/product_cat?post=21156"},{"taxonomy":"product_tag","embeddable":true,"href":"https:\/\/effafood.com\/de\/wp-json\/wp\/v2\/product_tag?post=21156"}],"curies":[{"name":"wp","href":"https:\/\/api.w.org\/{rel}","templated":true}]}}