{"id":21149,"date":"2025-01-12T17:54:20","date_gmt":"2025-01-12T17:54:20","guid":{"rendered":"https:\/\/effafood.com\/product\/tango-kekse-mit-kakaogeschmack\/"},"modified":"2025-01-18T22:52:25","modified_gmt":"2025-01-18T22:52:25","slug":"tango-kekse-mit-kakaogeschmack","status":"publish","type":"product","link":"https:\/\/effafood.com\/de\/product\/tango-kekse-mit-kakaogeschmack\/","title":{"rendered":"Tango Kekse mit Kakaogeschmack"},"content":{"rendered":"","protected":false},"excerpt":{"rendered":"<p>Tango Zuckerpl\u00e4tzchen mit Kakaof\u00fcllung<\/p>\n<p>Die Tango-Zuckerpl\u00e4tzchen mit Kakaof\u00fcllung sind die perfekte Leckerei, die Ihre Laune im Handumdrehen hebt. Diese Sandwich-Kekse bestehen aus zwei runden, kakaohaltigen Zuckerpl\u00e4tzchen, die mit einer weichen, cremigen Milchf\u00fcllung gepaart sind und f\u00fcr ein reichhaltiges sowie genussvolles Geschmackserlebnis sorgen.<\/p>\n<p>G\u00f6nnen Sie sich diese k\u00f6stlichen Kekse jeden Tag und genie\u00dfen Sie die perfekte Balance aus S\u00fc\u00dfe und Kakao.<\/p>\n","protected":false},"featured_media":21146,"template":"","meta":[],"product_brand":[2895],"product_cat":[441],"product_tag":[],"class_list":{"0":"post-21149","1":"product","2":"type-product","3":"status-publish","4":"has-post-thumbnail","6":"product_brand-kbf-de","7":"product_cat-snacks-de","8":"pa_barcode-4823017500921-de","9":"pa_brand-kbf-de","10":"pa_inbox-48-de","11":"pa_pallet-153-de","12":"pa_shelf-life-12-monat","13":"pa_weight-2-68-gr-de","15":"first","16":"instock","17":"shipping-taxable","18":"product-type-simple"},"_links":{"self":[{"href":"https:\/\/effafood.com\/de\/wp-json\/wp\/v2\/product\/21149","targetHints":{"allow":["GET"]}}],"collection":[{"href":"https:\/\/effafood.com\/de\/wp-json\/wp\/v2\/product"}],"about":[{"href":"https:\/\/effafood.com\/de\/wp-json\/wp\/v2\/types\/product"}],"version-history":[{"count":1,"href":"https:\/\/effafood.com\/de\/wp-json\/wp\/v2\/product\/21149\/revisions"}],"predecessor-version":[{"id":21921,"href":"https:\/\/effafood.com\/de\/wp-json\/wp\/v2\/product\/21149\/revisions\/21921"}],"wp:featuredmedia":[{"embeddable":true,"href":"https:\/\/effafood.com\/de\/wp-json\/wp\/v2\/media\/21146"}],"wp:attachment":[{"href":"https:\/\/effafood.com\/de\/wp-json\/wp\/v2\/media?parent=21149"}],"wp:term":[{"taxonomy":"product_brand","embeddable":true,"href":"https:\/\/effafood.com\/de\/wp-json\/wp\/v2\/product_brand?post=21149"},{"taxonomy":"product_cat","embeddable":true,"href":"https:\/\/effafood.com\/de\/wp-json\/wp\/v2\/product_cat?post=21149"},{"taxonomy":"product_tag","embeddable":true,"href":"https:\/\/effafood.com\/de\/wp-json\/wp\/v2\/product_tag?post=21149"}],"curies":[{"name":"wp","href":"https:\/\/api.w.org\/{rel}","templated":true}]}}