{"id":21135,"date":"2025-01-12T17:48:53","date_gmt":"2025-01-12T17:48:53","guid":{"rendered":"https:\/\/effafood.com\/product\/tango-kekse-mit-vanillecreme\/"},"modified":"2025-01-18T22:54:12","modified_gmt":"2025-01-18T22:54:12","slug":"tango-kekse-mit-vanillecreme","status":"publish","type":"product","link":"https:\/\/effafood.com\/de\/product\/tango-kekse-mit-vanillecreme\/","title":{"rendered":"Tango Kekse mit Vanillecreme"},"content":{"rendered":"","protected":false},"excerpt":{"rendered":"<p>Tango Zuckerpl\u00e4tzchen mit Vanillef\u00fcllung<\/p>\n<p>Tango Zuckerpl\u00e4tzchen mit Vanillef\u00fcllung bringen mit jedem Bissen die s\u00fc\u00dfen Momente des Gl\u00fccks zur\u00fcck. Diese Sandwich-Kekse bestehen aus zwei knusprigen Zuckerpl\u00e4tzchen, die mit einer cremigen, milchigen Vanillef\u00fcllung gef\u00fcllt sind und ein perfektes Gleichgewicht aus Geschmack und Textur schaffen.<\/p>\n<p>G\u00f6nnen Sie sich diesen k\u00f6stlichen Genuss und genie\u00dfen Sie das einfache Vergn\u00fcgen der Tango Cookies \u2013 die perfekte Wahl f\u00fcr jede Tageszeit.<\/p>\n","protected":false},"featured_media":21132,"template":"","meta":[],"product_brand":[2895],"product_cat":[441],"product_tag":[],"class_list":{"0":"post-21135","1":"product","2":"type-product","3":"status-publish","4":"has-post-thumbnail","6":"product_brand-kbf-de","7":"product_cat-snacks-de","8":"pa_barcode-4823017500839-de","9":"pa_brand-kbf-de","10":"pa_inbox-48-de","11":"pa_pallet-153-de","12":"pa_shelf-life-12-monat","13":"pa_weight-2-68-gr-de","15":"first","16":"instock","17":"shipping-taxable","18":"product-type-simple"},"_links":{"self":[{"href":"https:\/\/effafood.com\/de\/wp-json\/wp\/v2\/product\/21135","targetHints":{"allow":["GET"]}}],"collection":[{"href":"https:\/\/effafood.com\/de\/wp-json\/wp\/v2\/product"}],"about":[{"href":"https:\/\/effafood.com\/de\/wp-json\/wp\/v2\/types\/product"}],"version-history":[{"count":2,"href":"https:\/\/effafood.com\/de\/wp-json\/wp\/v2\/product\/21135\/revisions"}],"predecessor-version":[{"id":21923,"href":"https:\/\/effafood.com\/de\/wp-json\/wp\/v2\/product\/21135\/revisions\/21923"}],"wp:featuredmedia":[{"embeddable":true,"href":"https:\/\/effafood.com\/de\/wp-json\/wp\/v2\/media\/21132"}],"wp:attachment":[{"href":"https:\/\/effafood.com\/de\/wp-json\/wp\/v2\/media?parent=21135"}],"wp:term":[{"taxonomy":"product_brand","embeddable":true,"href":"https:\/\/effafood.com\/de\/wp-json\/wp\/v2\/product_brand?post=21135"},{"taxonomy":"product_cat","embeddable":true,"href":"https:\/\/effafood.com\/de\/wp-json\/wp\/v2\/product_cat?post=21135"},{"taxonomy":"product_tag","embeddable":true,"href":"https:\/\/effafood.com\/de\/wp-json\/wp\/v2\/product_tag?post=21135"}],"curies":[{"name":"wp","href":"https:\/\/api.w.org\/{rel}","templated":true}]}}