{"id":21118,"date":"2025-01-12T17:40:05","date_gmt":"2025-01-12T17:40:05","guid":{"rendered":"https:\/\/effafood.com\/product\/hallo-regenbogen-kekse-mit-marshmallow-fuellung\/"},"modified":"2025-01-18T22:56:02","modified_gmt":"2025-01-18T22:56:02","slug":"hallo-regenbogen-kekse-mit-marshmallow-fuellung","status":"publish","type":"product","link":"https:\/\/effafood.com\/de\/product\/hallo-regenbogen-kekse-mit-marshmallow-fuellung\/","title":{"rendered":"Hello Regenbogen Kekse mit Marshmallow F\u00fcllung"},"content":{"rendered":"","protected":false},"excerpt":{"rendered":"<p>Hello Regenbogen Kekse mit Marshmallow F\u00fcllung<\/p>\n<p>Die Hello Rainbow Kekse bestehen aus zwei Schichten knuspriger, runder Kekse, die mit einem weichen Marshmallowkern gef\u00fcllt und mit einer glatten Schokoladenglasur \u00fcberzogen sind. Kr\u00e4ftige, farbenfrohe Streusel sorgen f\u00fcr einen herrlichen Knuspereffekt und machen jeden Bissen zu einem freudigen Erlebnis.<\/p>\n<p>Diese Kekse eignen sich perfekt, um unvergessliche Momente zu schaffen. Sie laden dazu ein, jede Minute auszukosten und die S\u00fc\u00dfe zu genie\u00dfen, die Sie noch lange nach dem letzten Bissen begleitet.<\/p>\n","protected":false},"featured_media":21111,"template":"","meta":[],"product_brand":[2895],"product_cat":[441],"product_tag":[],"class_list":{"0":"post-21118","1":"product","2":"type-product","3":"status-publish","4":"has-post-thumbnail","6":"product_brand-kbf-de","7":"product_cat-snacks-de","8":"pa_barcode-4823017509221-de","9":"pa_brand-kbf-de","10":"pa_inbox-12-de","11":"pa_pallet-90-de","12":"pa_shelf-life-12-monat","13":"pa_weight-2-200-gr-de","15":"first","16":"instock","17":"shipping-taxable","18":"product-type-simple"},"_links":{"self":[{"href":"https:\/\/effafood.com\/de\/wp-json\/wp\/v2\/product\/21118","targetHints":{"allow":["GET"]}}],"collection":[{"href":"https:\/\/effafood.com\/de\/wp-json\/wp\/v2\/product"}],"about":[{"href":"https:\/\/effafood.com\/de\/wp-json\/wp\/v2\/types\/product"}],"version-history":[{"count":3,"href":"https:\/\/effafood.com\/de\/wp-json\/wp\/v2\/product\/21118\/revisions"}],"predecessor-version":[{"id":21926,"href":"https:\/\/effafood.com\/de\/wp-json\/wp\/v2\/product\/21118\/revisions\/21926"}],"wp:featuredmedia":[{"embeddable":true,"href":"https:\/\/effafood.com\/de\/wp-json\/wp\/v2\/media\/21111"}],"wp:attachment":[{"href":"https:\/\/effafood.com\/de\/wp-json\/wp\/v2\/media?parent=21118"}],"wp:term":[{"taxonomy":"product_brand","embeddable":true,"href":"https:\/\/effafood.com\/de\/wp-json\/wp\/v2\/product_brand?post=21118"},{"taxonomy":"product_cat","embeddable":true,"href":"https:\/\/effafood.com\/de\/wp-json\/wp\/v2\/product_cat?post=21118"},{"taxonomy":"product_tag","embeddable":true,"href":"https:\/\/effafood.com\/de\/wp-json\/wp\/v2\/product_tag?post=21118"}],"curies":[{"name":"wp","href":"https:\/\/api.w.org\/{rel}","templated":true}]}}