{"id":21104,"date":"2025-01-12T17:33:04","date_gmt":"2025-01-12T17:33:04","guid":{"rendered":"https:\/\/effafood.com\/product\/hallo-schoko-marshmallow-fuellungstorte-mit-kokosnuss\/"},"modified":"2025-01-18T22:58:25","modified_gmt":"2025-01-18T22:58:25","slug":"hallo-schoko-marshmallow-fuellungstorte-mit-kokosnuss","status":"publish","type":"product","link":"https:\/\/effafood.com\/de\/product\/hallo-schoko-marshmallow-fuellungstorte-mit-kokosnuss\/","title":{"rendered":"Hello Schoko Marshmallow F\u00fcllungstorte mit Kokosnuss"},"content":{"rendered":"","protected":false},"excerpt":{"rendered":"<p>Hello Schoko Marshmallow F\u00fcllungstorte mit Kokosnuss<\/p>\n<p>Hello Coco Kekse sind ein Genuss, den Sie mit jedem Bissen erleben m\u00f6chten. Diese k\u00f6stlichen Kekse bestehen aus zwei knusprigen Schichten, die mit einer weichen Marshmallow-F\u00fcllung gef\u00fcllt, von einer zarten Kuchenglasur umh\u00fcllt und gro\u00dfz\u00fcgig mit Kokosnussflocken bestreut sind.<\/p>\n<p>Die farbenfrohe Verpackung verleiht den Keksen eine fr\u00f6hliche Note und macht sie zum perfekten Begleiter f\u00fcr Ihre Lieblings-Hei\u00dfgetr\u00e4nke. Ob f\u00fcr einen Moment des Genusses oder als besondere Leckerei \u2013 die Hello Coco Kekse werden Ihren Tag versch\u00f6nern.<\/p>\n","protected":false},"featured_media":21101,"template":"","meta":[],"product_brand":[2895],"product_cat":[441],"product_tag":[],"class_list":{"0":"post-21104","1":"product","2":"type-product","3":"status-publish","4":"has-post-thumbnail","6":"product_brand-kbf-de","7":"product_cat-snacks-de","8":"pa_barcode-4823017509238-de","9":"pa_brand-kbf-de","10":"pa_inbox-12-de","11":"pa_pallet-90-de","12":"pa_shelf-life-12-monat","13":"pa_weight-2-200-gr-de","15":"first","16":"instock","17":"shipping-taxable","18":"product-type-simple"},"_links":{"self":[{"href":"https:\/\/effafood.com\/de\/wp-json\/wp\/v2\/product\/21104","targetHints":{"allow":["GET"]}}],"collection":[{"href":"https:\/\/effafood.com\/de\/wp-json\/wp\/v2\/product"}],"about":[{"href":"https:\/\/effafood.com\/de\/wp-json\/wp\/v2\/types\/product"}],"version-history":[{"count":2,"href":"https:\/\/effafood.com\/de\/wp-json\/wp\/v2\/product\/21104\/revisions"}],"predecessor-version":[{"id":21928,"href":"https:\/\/effafood.com\/de\/wp-json\/wp\/v2\/product\/21104\/revisions\/21928"}],"wp:featuredmedia":[{"embeddable":true,"href":"https:\/\/effafood.com\/de\/wp-json\/wp\/v2\/media\/21101"}],"wp:attachment":[{"href":"https:\/\/effafood.com\/de\/wp-json\/wp\/v2\/media?parent=21104"}],"wp:term":[{"taxonomy":"product_brand","embeddable":true,"href":"https:\/\/effafood.com\/de\/wp-json\/wp\/v2\/product_brand?post=21104"},{"taxonomy":"product_cat","embeddable":true,"href":"https:\/\/effafood.com\/de\/wp-json\/wp\/v2\/product_cat?post=21104"},{"taxonomy":"product_tag","embeddable":true,"href":"https:\/\/effafood.com\/de\/wp-json\/wp\/v2\/product_tag?post=21104"}],"curies":[{"name":"wp","href":"https:\/\/api.w.org\/{rel}","templated":true}]}}