{"id":20890,"date":"2025-01-12T12:37:12","date_gmt":"2025-01-12T12:37:12","guid":{"rendered":"https:\/\/effafood.com\/product\/minnettar-turkish-delight-mit-mix-fruchtgeschmack\/"},"modified":"2025-01-19T10:40:18","modified_gmt":"2025-01-19T10:40:18","slug":"minnettar-turkish-delight-mit-mix-fruchtgeschmack","status":"publish","type":"product","link":"https:\/\/effafood.com\/de\/product\/minnettar-turkish-delight-mit-mix-fruchtgeschmack\/","title":{"rendered":"Minnettar Turkish Delight mit Mix Fruchtgeschmack"},"content":{"rendered":"","protected":false},"excerpt":{"rendered":"<div class=\"flex-1 overflow-hidden @container\/thread\">\n<div class=\"h-full\">\n<div class=\"react-scroll-to-bottom--css-pjbiy-79elbk h-full\">\n<div class=\"react-scroll-to-bottom--css-pjbiy-1n7m0yu\">\n<div class=\"flex flex-col text-sm md:pb-9\">\n<article class=\"w-full scroll-mb-[var(--thread-trailing-height,150px)] text-token-text-primary focus-visible:outline-2 focus-visible:outline-offset-[-4px]\" dir=\"auto\" data-testid=\"conversation-turn-7\" data-scroll-anchor=\"true\">\n<div class=\"m-auto text-base py-[18px] px-3 md:px-4 w-full md:px-5 lg:px-4 xl:px-5\">\n<div class=\"mx-auto flex flex-1 gap-4 text-base md:gap-5 lg:gap-6 md:max-w-3xl\">\n<div class=\"group\/conversation-turn relative flex w-full min-w-0 flex-col agent-turn\">\n<div class=\"flex-col gap-1 md:gap-3\">\n<div class=\"flex max-w-full flex-col flex-grow\">\n<div class=\"min-h-8 text-message flex w-full flex-col items-end gap-2 whitespace-normal break-words text-start [.text-message+&amp;]:mt-5\" dir=\"auto\" data-message-author-role=\"assistant\" data-message-id=\"29ac7976-6372-4304-9c41-e3d970f05604\" data-message-model-slug=\"gpt-4o-mini\">\n<div class=\"flex w-full flex-col gap-1 empty:hidden first:pt-[3px]\">\n<div class=\"markdown prose w-full break-words dark:prose-invert light\">\n<p>MINNETTAR SPEZIAL-LOKUM 300G MIT GEMISCHTEM FRUCHTGESCHMACK<\/p>\n<\/div>\n<\/div>\n<\/div>\n<\/div>\n<div class=\"mb-2 flex gap-3 empty:hidden -ml-2\">\n<div class=\"items-center justify-start rounded-xl p-1 flex\">\n<div class=\"flex items-center\">Minnettar Spezial-Lokum 300g mit gemischtem Fruchtgeschmack ist eine erfrischende Variation des klassischen t\u00fcrkischen Lokums. Mit einer Mischung aus nat\u00fcrlichen Aromen von Zitrusfr\u00fcchten, Beeren und tropischen Fr\u00fcchten bietet es eine harmonische Balance aus S\u00fc\u00dfe und Frische.<\/div>\n<div><\/div>\n<div class=\"flex items-center\">Die zartschmelzende Textur und die hochwertigen Zutaten machen es zur idealen Wahl f\u00fcr moderne Genussmomente. Perfekt als Geschenk, f\u00fcr Feierlichkeiten oder als eigenst\u00e4ndige Leckerei, bietet es fruchtigen Genuss in jedem Bissen.<\/div>\n<\/div>\n<\/div>\n<\/div>\n<div class=\"absolute\">\n<div class=\"flex items-center justify-center\"><\/div>\n<\/div>\n<\/div>\n<\/div>\n<\/div>\n<\/article>\n<\/div>\n<\/div>\n<\/div>\n<\/div>\n<\/div>\n<div class=\"md:pt-0 dark:border-white\/20 md:border-transparent md:dark:border-transparent w-full\">\n<div>\n<div class=\"m-auto text-base px-3 md:px-4 w-full md:px-5 lg:px-4 xl:px-5\">\n<div class=\"mx-auto flex flex-1 gap-4 text-base md:gap-5 lg:gap-6 md:max-w-3xl\">\n<div class=\"flex justify-center\"><\/div>\n<\/div>\n<\/div>\n<\/div>\n<\/div>\n","protected":false},"featured_media":20831,"template":"","meta":[],"product_brand":[2908],"product_cat":[441],"product_tag":[],"class_list":{"0":"post-20890","1":"product","2":"type-product","3":"status-publish","4":"has-post-thumbnail","6":"product_brand-sekeroglu-de","7":"product_cat-snacks-de","8":"pa_barcode-8695820020165-de","9":"pa_brand-sekeroglu-de","10":"pa_inbox-12-de","11":"pa_pallet-81-de","12":"pa_shelf-life-12-monat","13":"pa_weight-2-300-gr-de","15":"first","16":"instock","17":"shipping-taxable","18":"product-type-simple"},"_links":{"self":[{"href":"https:\/\/effafood.com\/de\/wp-json\/wp\/v2\/product\/20890","targetHints":{"allow":["GET"]}}],"collection":[{"href":"https:\/\/effafood.com\/de\/wp-json\/wp\/v2\/product"}],"about":[{"href":"https:\/\/effafood.com\/de\/wp-json\/wp\/v2\/types\/product"}],"version-history":[{"count":2,"href":"https:\/\/effafood.com\/de\/wp-json\/wp\/v2\/product\/20890\/revisions"}],"predecessor-version":[{"id":21954,"href":"https:\/\/effafood.com\/de\/wp-json\/wp\/v2\/product\/20890\/revisions\/21954"}],"wp:featuredmedia":[{"embeddable":true,"href":"https:\/\/effafood.com\/de\/wp-json\/wp\/v2\/media\/20831"}],"wp:attachment":[{"href":"https:\/\/effafood.com\/de\/wp-json\/wp\/v2\/media?parent=20890"}],"wp:term":[{"taxonomy":"product_brand","embeddable":true,"href":"https:\/\/effafood.com\/de\/wp-json\/wp\/v2\/product_brand?post=20890"},{"taxonomy":"product_cat","embeddable":true,"href":"https:\/\/effafood.com\/de\/wp-json\/wp\/v2\/product_cat?post=20890"},{"taxonomy":"product_tag","embeddable":true,"href":"https:\/\/effafood.com\/de\/wp-json\/wp\/v2\/product_tag?post=20890"}],"curies":[{"name":"wp","href":"https:\/\/api.w.org\/{rel}","templated":true}]}}