{"id":20879,"date":"2025-01-12T12:20:20","date_gmt":"2025-01-12T12:20:20","guid":{"rendered":"https:\/\/effafood.com\/product\/minnettar-mixed-rolled-turkish-delight-mit-pistazie-und-granatapfelgeschmack\/"},"modified":"2025-01-19T10:42:00","modified_gmt":"2025-01-19T10:42:00","slug":"minnettar-mixed-rolled-turkish-delight-mit-pistazie-und-granatapfelgeschmack","status":"publish","type":"product","link":"https:\/\/effafood.com\/de\/product\/minnettar-mixed-rolled-turkish-delight-mit-pistazie-und-granatapfelgeschmack\/","title":{"rendered":"Minnettar Mixed Rolled Turkish Delight mit Pistazie und Granatapfelgeschmack"},"content":{"rendered":"","protected":false},"excerpt":{"rendered":"<p>\u015eEKERO\u011eLU MINNETTAR PISTAZIEN-GRANATAPFEL-GESCHMACK MIXED STRING LOKUM 300G<\/p>\n<p>\u015eekero\u011flu Minnettar Pistazien-Granatapfel-Geschmack Mixed String Lokum 300g ist eine exquisite Kombination aus Antep-Pistazien und dem erfrischenden Geschmack von Granatapfel. Jede Lokum-Schnur bietet eine abwechslungsreiche Textur und Geschmack, die durch die Verwendung hochwertiger Zutaten zu einem einzigartigen Erlebnis f\u00fchren.<\/p>\n<p>Perfekt f\u00fcr besondere Anl\u00e4sse, als Geschenk oder f\u00fcr den pers\u00f6nlichen Genuss, bietet diese luxuri\u00f6se K\u00f6stlichkeit eine moderne Interpretation des klassischen t\u00fcrkischen Lokums und ist ideal f\u00fcr alle, die raffinierten Geschmack sch\u00e4tzen.<\/p>\n","protected":false},"featured_media":20821,"template":"","meta":[],"product_brand":[2908],"product_cat":[441],"product_tag":[],"class_list":{"0":"post-20879","1":"product","2":"type-product","3":"status-publish","4":"has-post-thumbnail","6":"product_brand-sekeroglu-de","7":"product_cat-snacks-de","8":"pa_barcode-8695820020219-de","9":"pa_brand-sekeroglu-de","10":"pa_inbox-12-de","11":"pa_pallet-81-de","12":"pa_shelf-life-12-monat","13":"pa_weight-2-300-gr-de","15":"first","16":"instock","17":"shipping-taxable","18":"product-type-simple"},"_links":{"self":[{"href":"https:\/\/effafood.com\/de\/wp-json\/wp\/v2\/product\/20879","targetHints":{"allow":["GET"]}}],"collection":[{"href":"https:\/\/effafood.com\/de\/wp-json\/wp\/v2\/product"}],"about":[{"href":"https:\/\/effafood.com\/de\/wp-json\/wp\/v2\/types\/product"}],"version-history":[{"count":2,"href":"https:\/\/effafood.com\/de\/wp-json\/wp\/v2\/product\/20879\/revisions"}],"predecessor-version":[{"id":21956,"href":"https:\/\/effafood.com\/de\/wp-json\/wp\/v2\/product\/20879\/revisions\/21956"}],"wp:featuredmedia":[{"embeddable":true,"href":"https:\/\/effafood.com\/de\/wp-json\/wp\/v2\/media\/20821"}],"wp:attachment":[{"href":"https:\/\/effafood.com\/de\/wp-json\/wp\/v2\/media?parent=20879"}],"wp:term":[{"taxonomy":"product_brand","embeddable":true,"href":"https:\/\/effafood.com\/de\/wp-json\/wp\/v2\/product_brand?post=20879"},{"taxonomy":"product_cat","embeddable":true,"href":"https:\/\/effafood.com\/de\/wp-json\/wp\/v2\/product_cat?post=20879"},{"taxonomy":"product_tag","embeddable":true,"href":"https:\/\/effafood.com\/de\/wp-json\/wp\/v2\/product_tag?post=20879"}],"curies":[{"name":"wp","href":"https:\/\/api.w.org\/{rel}","templated":true}]}}