{"id":20873,"date":"2025-01-12T11:31:16","date_gmt":"2025-01-12T11:31:16","guid":{"rendered":"https:\/\/effafood.com\/product\/sira-granatapfel-sirup-500-ml\/"},"modified":"2025-01-19T10:46:36","modified_gmt":"2025-01-19T10:46:36","slug":"sira-granatapfel-sirup-500-ml","status":"publish","type":"product","link":"https:\/\/effafood.com\/de\/product\/sira-granatapfel-sirup-500-ml\/","title":{"rendered":"Sira Granatapfel-Sirup 500 ml"},"content":{"rendered":"","protected":false},"excerpt":{"rendered":"<div class=\"flex-shrink-0 flex flex-col relative items-end\">\n<div>\n<div class=\"pt-0\">\n<div class=\"gizmo-bot-avatar flex h-8 w-8 items-center justify-center overflow-hidden rounded-full\">\n<div class=\"relative p-1 rounded-sm flex items-center justify-center bg-token-main-surface-primary text-token-text-primary h-8 w-8\">SIRA SAUCE MIT GRANATAPFELGESCHMACK<\/div>\n<\/div>\n<\/div>\n<\/div>\n<\/div>\n<div class=\"group\/conversation-turn relative flex w-full min-w-0 flex-col agent-turn\">\n<div class=\"flex-col gap-1 md:gap-3\">\n<div class=\"flex max-w-full flex-col flex-grow\">\n<div class=\"min-h-8 text-message flex w-full flex-col items-end gap-2 whitespace-normal break-words text-start [.text-message+&amp;]:mt-5\" dir=\"auto\" data-message-author-role=\"assistant\" data-message-id=\"a19514c7-94c4-437e-8b3b-41aacb5996b9\" data-message-model-slug=\"gpt-4o-mini\">\n<div class=\"flex w-full flex-col gap-1 empty:hidden first:pt-[3px]\">\n<div class=\"markdown prose w-full break-words dark:prose-invert light\">\n<p>S\u0131ra Sauce mit Granatapfelgeschmack verleiht Ihren Gerichten einen au\u00dfergew\u00f6hnlichen, raffinierten Geschmack. Hergestellt aus nat\u00fcrlichen Granatapfelextrakten und sorgf\u00e4ltig ausgew\u00e4hlten Gew\u00fcrzen, bietet diese Sauce eine ausgewogene Mischung aus s\u00fc\u00dfen und w\u00fcrzigen Aromen, die Salate, Fleischgerichte, Vorspeisen und Snacks bereichern.<\/p>\n<p>Mit ihrem eleganten Geschmack und ihrer ansprechenden Optik hebt sie jede Mahlzeit auf ein neues Niveau und sorgt f\u00fcr ein einzigartiges kulinarisches Erlebnis.<\/p>\n<\/div>\n<\/div>\n<\/div>\n<\/div>\n<\/div>\n<\/div>\n","protected":false},"featured_media":20772,"template":"","meta":[],"product_brand":[2908],"product_cat":[440],"product_tag":[],"class_list":{"0":"post-20873","1":"product","2":"type-product","3":"status-publish","4":"has-post-thumbnail","6":"product_brand-sekeroglu-de","7":"product_cat-sonstiges","8":"pa_barcode-8695820023111-de","9":"pa_brand-sekeroglu-de","10":"pa_inbox-24-de","11":"pa_pallet-55-de","12":"pa_shelf-life-24-monat","13":"pa_weight-2-500-ml-de","15":"first","16":"instock","17":"shipping-taxable","18":"product-type-simple"},"_links":{"self":[{"href":"https:\/\/effafood.com\/de\/wp-json\/wp\/v2\/product\/20873","targetHints":{"allow":["GET"]}}],"collection":[{"href":"https:\/\/effafood.com\/de\/wp-json\/wp\/v2\/product"}],"about":[{"href":"https:\/\/effafood.com\/de\/wp-json\/wp\/v2\/types\/product"}],"version-history":[{"count":2,"href":"https:\/\/effafood.com\/de\/wp-json\/wp\/v2\/product\/20873\/revisions"}],"predecessor-version":[{"id":21963,"href":"https:\/\/effafood.com\/de\/wp-json\/wp\/v2\/product\/20873\/revisions\/21963"}],"wp:featuredmedia":[{"embeddable":true,"href":"https:\/\/effafood.com\/de\/wp-json\/wp\/v2\/media\/20772"}],"wp:attachment":[{"href":"https:\/\/effafood.com\/de\/wp-json\/wp\/v2\/media?parent=20873"}],"wp:term":[{"taxonomy":"product_brand","embeddable":true,"href":"https:\/\/effafood.com\/de\/wp-json\/wp\/v2\/product_brand?post=20873"},{"taxonomy":"product_cat","embeddable":true,"href":"https:\/\/effafood.com\/de\/wp-json\/wp\/v2\/product_cat?post=20873"},{"taxonomy":"product_tag","embeddable":true,"href":"https:\/\/effafood.com\/de\/wp-json\/wp\/v2\/product_tag?post=20873"}],"curies":[{"name":"wp","href":"https:\/\/api.w.org\/{rel}","templated":true}]}}