{"id":20872,"date":"2025-01-12T11:54:32","date_gmt":"2025-01-12T11:54:32","guid":{"rendered":"https:\/\/effafood.com\/product\/pistachino-pistaziencreme\/"},"modified":"2025-01-19T10:45:13","modified_gmt":"2025-01-19T10:45:13","slug":"pistachino-pistaziencreme","status":"publish","type":"product","link":"https:\/\/effafood.com\/de\/product\/pistachino-pistaziencreme\/","title":{"rendered":"Pistachino Pistaziencreme"},"content":{"rendered":"","protected":false},"excerpt":{"rendered":"<p>PISTAZIENCREME 200G<\/p>\n<p>Die Pistaziencreme 200g bietet ein unverwechselbares Geschmackserlebnis mit dem frischen Aroma von Pistazien und einer weichen, cremigen Textur. Angereichert mit fein gemahlenen Pistazien\u00f6len, bleibt sie stets frisch und geschmackvoll.<\/p>\n<p>Ideal zum Bestreichen von Fr\u00fchst\u00fccksbrot oder als Verfeinerung f\u00fcr Desserts, bringt diese Creme den traditionellen t\u00fcrkischen Pistaziengeschmack in eine raffinierte Form. In praktischer 200-Gramm-Packung \u2013 ein Muss f\u00fcr Liebhaber s\u00fc\u00dfer K\u00f6stlichkeiten.<\/p>\n","protected":false},"featured_media":20784,"template":"","meta":[],"product_brand":[2908],"product_cat":[440],"product_tag":[],"class_list":{"0":"post-20872","1":"product","2":"type-product","3":"status-publish","4":"has-post-thumbnail","6":"product_brand-sekeroglu-de","7":"product_cat-sonstiges","8":"pa_barcode-8695820023203-de","9":"pa_brand-sekeroglu-de","10":"pa_inbox-12-de","11":"pa_pallet-144-de","12":"pa_shelf-life-12-monat","13":"pa_weight-2-200-gr-de","15":"first","16":"outofstock","17":"shipping-taxable","18":"product-type-simple"},"_links":{"self":[{"href":"https:\/\/effafood.com\/de\/wp-json\/wp\/v2\/product\/20872","targetHints":{"allow":["GET"]}}],"collection":[{"href":"https:\/\/effafood.com\/de\/wp-json\/wp\/v2\/product"}],"about":[{"href":"https:\/\/effafood.com\/de\/wp-json\/wp\/v2\/types\/product"}],"version-history":[{"count":2,"href":"https:\/\/effafood.com\/de\/wp-json\/wp\/v2\/product\/20872\/revisions"}],"predecessor-version":[{"id":21961,"href":"https:\/\/effafood.com\/de\/wp-json\/wp\/v2\/product\/20872\/revisions\/21961"}],"wp:featuredmedia":[{"embeddable":true,"href":"https:\/\/effafood.com\/de\/wp-json\/wp\/v2\/media\/20784"}],"wp:attachment":[{"href":"https:\/\/effafood.com\/de\/wp-json\/wp\/v2\/media?parent=20872"}],"wp:term":[{"taxonomy":"product_brand","embeddable":true,"href":"https:\/\/effafood.com\/de\/wp-json\/wp\/v2\/product_brand?post=20872"},{"taxonomy":"product_cat","embeddable":true,"href":"https:\/\/effafood.com\/de\/wp-json\/wp\/v2\/product_cat?post=20872"},{"taxonomy":"product_tag","embeddable":true,"href":"https:\/\/effafood.com\/de\/wp-json\/wp\/v2\/product_tag?post=20872"}],"curies":[{"name":"wp","href":"https:\/\/api.w.org\/{rel}","templated":true}]}}