{"id":20865,"date":"2025-01-12T11:44:48","date_gmt":"2025-01-12T11:44:48","guid":{"rendered":"https:\/\/effafood.com\/product\/minnettar-mini-turkish-delight\/"},"modified":"2025-01-19T10:45:55","modified_gmt":"2025-01-19T10:45:55","slug":"minnettar-mini-turkish-delight","status":"publish","type":"product","link":"https:\/\/effafood.com\/de\/product\/minnettar-mini-turkish-delight\/","title":{"rendered":"Minnettar Mini Turkish Delight"},"content":{"rendered":"","protected":false},"excerpt":{"rendered":"<p>MINNETTAR MINI LOKUM 180G<\/p>\n<p>Minnettar Mini Lokum 180g ist ein k\u00f6stlicher Leckerbissen, der mit hochwertigen Zutaten und einzigartigen Rezepten sorgf\u00e4ltig zubereitet wird. Jede Packung enth\u00e4lt eine unwiderstehliche Geschmacksrichtung, die durch ihre weiche Textur und ihr einzigartiges Aroma begeistert.<\/p>\n<p>Perfekt f\u00fcr Teestunden, als Geschenk oder f\u00fcr pers\u00f6nliche Genussmomente, bietet dieses Produkt frische, nat\u00fcrliche Aromen. In der praktischen 180-Gramm-Packung verpackt, ist Minnettar Mini Lokum die ideale Wahl f\u00fcr alle S\u00fc\u00dfigkeitenliebhaber, die sich auf eine s\u00fc\u00dfe Geschmackserfahrung einlassen m\u00f6chten.<\/p>\n","protected":false},"featured_media":20779,"template":"","meta":[],"product_brand":[2908],"product_cat":[441],"product_tag":[],"class_list":{"0":"post-20865","1":"product","2":"type-product","3":"status-publish","4":"has-post-thumbnail","6":"product_brand-sekeroglu-de","7":"product_cat-snacks-de","8":"pa_barcode-8695820022954-de","9":"pa_brand-sekeroglu-de","10":"pa_inbox-24-de","11":"pa_pallet-120-de","12":"pa_shelf-life-12-monat","13":"pa_weight-2-180-gr-de","15":"first","16":"instock","17":"shipping-taxable","18":"product-type-simple"},"_links":{"self":[{"href":"https:\/\/effafood.com\/de\/wp-json\/wp\/v2\/product\/20865","targetHints":{"allow":["GET"]}}],"collection":[{"href":"https:\/\/effafood.com\/de\/wp-json\/wp\/v2\/product"}],"about":[{"href":"https:\/\/effafood.com\/de\/wp-json\/wp\/v2\/types\/product"}],"version-history":[{"count":2,"href":"https:\/\/effafood.com\/de\/wp-json\/wp\/v2\/product\/20865\/revisions"}],"predecessor-version":[{"id":21962,"href":"https:\/\/effafood.com\/de\/wp-json\/wp\/v2\/product\/20865\/revisions\/21962"}],"wp:featuredmedia":[{"embeddable":true,"href":"https:\/\/effafood.com\/de\/wp-json\/wp\/v2\/media\/20779"}],"wp:attachment":[{"href":"https:\/\/effafood.com\/de\/wp-json\/wp\/v2\/media?parent=20865"}],"wp:term":[{"taxonomy":"product_brand","embeddable":true,"href":"https:\/\/effafood.com\/de\/wp-json\/wp\/v2\/product_brand?post=20865"},{"taxonomy":"product_cat","embeddable":true,"href":"https:\/\/effafood.com\/de\/wp-json\/wp\/v2\/product_cat?post=20865"},{"taxonomy":"product_tag","embeddable":true,"href":"https:\/\/effafood.com\/de\/wp-json\/wp\/v2\/product_tag?post=20865"}],"curies":[{"name":"wp","href":"https:\/\/api.w.org\/{rel}","templated":true}]}}