{"id":20864,"date":"2025-01-12T12:04:40","date_gmt":"2025-01-12T12:04:40","guid":{"rendered":"https:\/\/effafood.com\/product\/minnettar-double-roasted-turkish-delight-mit-pistazien-und-granatapfelgeschmack\/"},"modified":"2025-01-19T10:43:53","modified_gmt":"2025-01-19T10:43:53","slug":"minnettar-double-roasted-turkish-delight-mit-pistazien-und-granatapfelgeschmack","status":"publish","type":"product","link":"https:\/\/effafood.com\/de\/product\/minnettar-double-roasted-turkish-delight-mit-pistazien-und-granatapfelgeschmack\/","title":{"rendered":"Minnettar Double Roasted Turkish Delight mit Pistazien- und Granatapfelgeschmack"},"content":{"rendered":"","protected":false},"excerpt":{"rendered":"<div class=\"flex-shrink-0 flex flex-col relative items-end\">\n<div>\n<div class=\"pt-0\">\n<div class=\"gizmo-bot-avatar flex h-8 w-8 items-center justify-center overflow-hidden rounded-full\">\n<div class=\"relative p-1 rounded-sm flex items-center justify-center bg-token-main-surface-primary text-token-text-primary h-8 w-8\">MINNETTAR LOKUM MIT PISTAZIEN UND GRANATAPFELGESCHMACK 300G<\/div>\n<\/div>\n<\/div>\n<\/div>\n<\/div>\n<div class=\"group\/conversation-turn relative flex w-full min-w-0 flex-col agent-turn\">\n<div class=\"flex-col gap-1 md:gap-3\">\n<div class=\"flex max-w-full flex-col flex-grow\">\n<div class=\"min-h-8 text-message flex w-full flex-col items-end gap-2 whitespace-normal break-words text-start [.text-message+&amp;]:mt-5\" dir=\"auto\" data-message-author-role=\"assistant\" data-message-id=\"6b556c73-551e-40cf-a3df-098b00d6dab0\" data-message-model-slug=\"gpt-4o-mini\">\n<div class=\"flex w-full flex-col gap-1 empty:hidden first:pt-[3px]\">\n<div class=\"markdown prose w-full break-words dark:prose-invert light\">\n<p>Der Minnettar Lokum mit Pistazien und Granatapfelgeschmack 300g vereint traditionelle t\u00fcrkische K\u00f6stlichkeit mit hochwertigen Zutaten. Sorgf\u00e4ltig ausgew\u00e4hlte Pistazien und ein erfrischender Granatapfelgeschmack sorgen f\u00fcr ein unvergleichliches Geschmackserlebnis.<\/p>\n<p>Das doppelte R\u00f6stverfahren optimiert die Textur und Intensit\u00e4t des Geschmacks. Mit gr\u00f6\u00dfter Sorgfalt hergestellt, garantiert Minnettar stets Frische und h\u00f6chste Qualit\u00e4t.<\/p>\n<\/div>\n<\/div>\n<\/div>\n<\/div>\n<\/div>\n<\/div>\n","protected":false},"featured_media":20794,"template":"","meta":[],"product_brand":[2908],"product_cat":[441],"product_tag":[],"class_list":{"0":"post-20864","1":"product","2":"type-product","3":"status-publish","4":"has-post-thumbnail","6":"product_brand-sekeroglu-de","7":"product_cat-snacks-de","8":"pa_barcode-8695820020202-de","9":"pa_brand-sekeroglu-de","10":"pa_inbox-12-de","11":"pa_pallet-81-de","12":"pa_shelf-life-12-monat","13":"pa_weight-2-300-gr-de","15":"first","16":"instock","17":"shipping-taxable","18":"product-type-simple"},"_links":{"self":[{"href":"https:\/\/effafood.com\/de\/wp-json\/wp\/v2\/product\/20864","targetHints":{"allow":["GET"]}}],"collection":[{"href":"https:\/\/effafood.com\/de\/wp-json\/wp\/v2\/product"}],"about":[{"href":"https:\/\/effafood.com\/de\/wp-json\/wp\/v2\/types\/product"}],"version-history":[{"count":2,"href":"https:\/\/effafood.com\/de\/wp-json\/wp\/v2\/product\/20864\/revisions"}],"predecessor-version":[{"id":21959,"href":"https:\/\/effafood.com\/de\/wp-json\/wp\/v2\/product\/20864\/revisions\/21959"}],"wp:featuredmedia":[{"embeddable":true,"href":"https:\/\/effafood.com\/de\/wp-json\/wp\/v2\/media\/20794"}],"wp:attachment":[{"href":"https:\/\/effafood.com\/de\/wp-json\/wp\/v2\/media?parent=20864"}],"wp:term":[{"taxonomy":"product_brand","embeddable":true,"href":"https:\/\/effafood.com\/de\/wp-json\/wp\/v2\/product_brand?post=20864"},{"taxonomy":"product_cat","embeddable":true,"href":"https:\/\/effafood.com\/de\/wp-json\/wp\/v2\/product_cat?post=20864"},{"taxonomy":"product_tag","embeddable":true,"href":"https:\/\/effafood.com\/de\/wp-json\/wp\/v2\/product_tag?post=20864"}],"curies":[{"name":"wp","href":"https:\/\/api.w.org\/{rel}","templated":true}]}}