{"id":20862,"date":"2025-01-12T10:49:28","date_gmt":"2025-01-12T10:49:28","guid":{"rendered":"https:\/\/effafood.com\/product\/sira-rohes-fleischbaellchen-kit-fleischig\/"},"modified":"2025-01-19T10:49:33","modified_gmt":"2025-01-19T10:49:33","slug":"sira-rohes-fleischbaellchen-kit-fleischig","status":"publish","type":"product","link":"https:\/\/effafood.com\/de\/product\/sira-rohes-fleischbaellchen-kit-fleischig\/","title":{"rendered":"Sira Rohes Fleischb\u00e4llchen-Kit (fleischig)"},"content":{"rendered":"","protected":false},"excerpt":{"rendered":"<p>\u015eEKERO\u011eLU MEATY \u00c7\u0130\u011e K\u00d6FTE SET<\/p>\n<p>Das \u015eekero\u011flu Meaty \u00c7i\u011f K\u00f6fte Set enth\u00e4lt alle Zutaten f\u00fcr die einfache Zubereitung von frischen und k\u00f6stlichen \u00c7i\u011f K\u00f6fte zu Hause. Es enth\u00e4lt Bulgur, rote Paprikaflocken, schwarzen Pfeffer, Kreuzk\u00fcmmel, Piment, Zitronens\u00e4ure, Salz, Zwiebel, Knoblauch, Tomatenmark und Granatapfelmelassesauce.<\/p>\n<p>Zubereitung:<\/p>\n<ol>\n<li>Mischen Sie die Mischung mit 1,5 Tassen warmem Wasser und lassen Sie sie 10 Minuten ruhen.<\/li>\n<li>F\u00fcgen Sie das Tomatenmark und das vorbereitete Fleisch hinzu und kneten Sie es 5-7 Minuten.<\/li>\n<li>Geben Sie etwa eine Tasse Pflanzen\u00f6l hinzu und kneten Sie weiter.<\/li>\n<li>F\u00fcgen Sie die gehackte Zwiebel und Petersilie hinzu \u2013 fertig zum Servieren.<\/li>\n<\/ol>\n<p>Mit diesem Set k\u00f6nnen Sie m\u00fchelos ein perfektes \u00c7i\u011f K\u00f6fte-Erlebnis zu Hause genie\u00dfen \u2013 schnell, einfach und voller Geschmack.<\/p>\n","protected":false},"featured_media":20743,"template":"","meta":[],"product_brand":[2908],"product_cat":[440],"product_tag":[],"class_list":{"0":"post-20862","1":"product","2":"type-product","3":"status-publish","4":"has-post-thumbnail","6":"product_brand-sekeroglu-de","7":"product_cat-sonstiges","8":"pa_barcode-8695820003540-de","9":"pa_brand-sekeroglu-de","10":"pa_inbox-12-de","11":"pa_pallet-96-de","12":"pa_shelf-life-18-monat","13":"pa_weight-2-500-gr-de","15":"first","16":"instock","17":"shipping-taxable","18":"product-type-simple"},"_links":{"self":[{"href":"https:\/\/effafood.com\/de\/wp-json\/wp\/v2\/product\/20862","targetHints":{"allow":["GET"]}}],"collection":[{"href":"https:\/\/effafood.com\/de\/wp-json\/wp\/v2\/product"}],"about":[{"href":"https:\/\/effafood.com\/de\/wp-json\/wp\/v2\/types\/product"}],"version-history":[{"count":2,"href":"https:\/\/effafood.com\/de\/wp-json\/wp\/v2\/product\/20862\/revisions"}],"predecessor-version":[{"id":21968,"href":"https:\/\/effafood.com\/de\/wp-json\/wp\/v2\/product\/20862\/revisions\/21968"}],"wp:featuredmedia":[{"embeddable":true,"href":"https:\/\/effafood.com\/de\/wp-json\/wp\/v2\/media\/20743"}],"wp:attachment":[{"href":"https:\/\/effafood.com\/de\/wp-json\/wp\/v2\/media?parent=20862"}],"wp:term":[{"taxonomy":"product_brand","embeddable":true,"href":"https:\/\/effafood.com\/de\/wp-json\/wp\/v2\/product_brand?post=20862"},{"taxonomy":"product_cat","embeddable":true,"href":"https:\/\/effafood.com\/de\/wp-json\/wp\/v2\/product_cat?post=20862"},{"taxonomy":"product_tag","embeddable":true,"href":"https:\/\/effafood.com\/de\/wp-json\/wp\/v2\/product_tag?post=20862"}],"curies":[{"name":"wp","href":"https:\/\/api.w.org\/{rel}","templated":true}]}}