{"id":20860,"date":"2025-01-12T12:08:52","date_gmt":"2025-01-12T12:08:52","guid":{"rendered":"https:\/\/effafood.com\/product\/minnettar-gemischte-finger-turkish-delight-mit-pistazie\/"},"modified":"2025-01-19T10:43:13","modified_gmt":"2025-01-19T10:43:13","slug":"minnettar-gemischte-finger-turkish-delight-mit-pistazie","status":"publish","type":"product","link":"https:\/\/effafood.com\/de\/product\/minnettar-gemischte-finger-turkish-delight-mit-pistazie\/","title":{"rendered":"Minnettar Gemischte Finger Turkish Delight mit Pistazie"},"content":{"rendered":"","protected":false},"excerpt":{"rendered":"<p>\u015eEKERO\u011eLU MINNETTAR PISTAZHIOS MIXED STRING LOKUM 300G<\/p>\n<p>\u015eekero\u011flu Minnettar Pistachio Mixed String Lokum 300g kombiniert die Vielfalt einzigartiger Aromen mit dem Reichtum der Antep-Pistazien. Jeder Strang Lokum bietet eine abwechslungsreiche Geschmackserfahrung und eine besondere Textur.<\/p>\n<p>Hergestellt aus hochwertigen Zutaten, ist diese k\u00f6stliche Leckerei ideal f\u00fcr besondere Anl\u00e4sse, als Geschenk oder f\u00fcr den pers\u00f6nlichen Genuss.<\/p>\n","protected":false},"featured_media":20799,"template":"","meta":[],"product_brand":[2908],"product_cat":[441],"product_tag":[],"class_list":{"0":"post-20860","1":"product","2":"type-product","3":"status-publish","4":"has-post-thumbnail","6":"product_brand-sekeroglu-de","7":"product_cat-snacks-de","8":"pa_barcode-8695820020172-de","9":"pa_brand-sekeroglu-de","10":"pa_inbox-12-de","11":"pa_pallet-81-de","12":"pa_shelf-life-12-monat","13":"pa_weight-2-300-gr-de","15":"first","16":"instock","17":"shipping-taxable","18":"product-type-simple"},"_links":{"self":[{"href":"https:\/\/effafood.com\/de\/wp-json\/wp\/v2\/product\/20860","targetHints":{"allow":["GET"]}}],"collection":[{"href":"https:\/\/effafood.com\/de\/wp-json\/wp\/v2\/product"}],"about":[{"href":"https:\/\/effafood.com\/de\/wp-json\/wp\/v2\/types\/product"}],"version-history":[{"count":2,"href":"https:\/\/effafood.com\/de\/wp-json\/wp\/v2\/product\/20860\/revisions"}],"predecessor-version":[{"id":21958,"href":"https:\/\/effafood.com\/de\/wp-json\/wp\/v2\/product\/20860\/revisions\/21958"}],"wp:featuredmedia":[{"embeddable":true,"href":"https:\/\/effafood.com\/de\/wp-json\/wp\/v2\/media\/20799"}],"wp:attachment":[{"href":"https:\/\/effafood.com\/de\/wp-json\/wp\/v2\/media?parent=20860"}],"wp:term":[{"taxonomy":"product_brand","embeddable":true,"href":"https:\/\/effafood.com\/de\/wp-json\/wp\/v2\/product_brand?post=20860"},{"taxonomy":"product_cat","embeddable":true,"href":"https:\/\/effafood.com\/de\/wp-json\/wp\/v2\/product_cat?post=20860"},{"taxonomy":"product_tag","embeddable":true,"href":"https:\/\/effafood.com\/de\/wp-json\/wp\/v2\/product_tag?post=20860"}],"curies":[{"name":"wp","href":"https:\/\/api.w.org\/{rel}","templated":true}]}}