{"id":20858,"date":"2025-01-12T11:10:43","date_gmt":"2025-01-12T11:10:43","guid":{"rendered":"https:\/\/effafood.com\/product\/sira-huhn-gewuerzmischung\/"},"modified":"2025-01-19T10:48:17","modified_gmt":"2025-01-19T10:48:17","slug":"sira-huhn-gewuerzmischung","status":"publish","type":"product","link":"https:\/\/effafood.com\/de\/product\/sira-huhn-gewuerzmischung\/","title":{"rendered":"Sira Huhn Gew\u00fcrzmischung"},"content":{"rendered":"","protected":false},"excerpt":{"rendered":"<p>SIRA CHICKEN MIX<\/p>\n<p>Mit dem S\u0131ra Chicken Mix verleihen Sie Ihren H\u00e4hnchengerichten eine au\u00dfergew\u00f6hnliche Geschmacksnote. Egal, ob grillen, braten oder frittieren \u2013 diese Mischung sorgt f\u00fcr die perfekte Balance aus Aromen und verleiht Ihrem H\u00e4hnchen einen reichhaltigen, herzhaften Geschmack.<\/p>\n<p>Hergestellt aus sorgf\u00e4ltig ausgew\u00e4hlten Gew\u00fcrzen und nat\u00fcrlichen Zutaten, garantiert diese vielseitige Mischung zarte, schmackhafte und k\u00f6stliche Ergebnisse. Einfach anzuwenden, macht sie die Zubereitung von H\u00e4hnchengerichten zu einem schnellen und befriedigenden Erlebnis.<\/p>\n","protected":false},"featured_media":20753,"template":"","meta":[],"product_brand":[2908],"product_cat":[440],"product_tag":[],"class_list":{"0":"post-20858","1":"product","2":"type-product","3":"status-publish","4":"has-post-thumbnail","6":"product_brand-sekeroglu-de","7":"product_cat-sonstiges","8":"pa_barcode-8695820017080-de","9":"pa_brand-sekeroglu-de","10":"pa_inbox-52-de","11":"pa_pallet-75-de","12":"pa_shelf-life-24-monat","13":"pa_weight-2-100-gr-de","15":"first","16":"instock","17":"shipping-taxable","18":"product-type-simple"},"_links":{"self":[{"href":"https:\/\/effafood.com\/de\/wp-json\/wp\/v2\/product\/20858","targetHints":{"allow":["GET"]}}],"collection":[{"href":"https:\/\/effafood.com\/de\/wp-json\/wp\/v2\/product"}],"about":[{"href":"https:\/\/effafood.com\/de\/wp-json\/wp\/v2\/types\/product"}],"version-history":[{"count":2,"href":"https:\/\/effafood.com\/de\/wp-json\/wp\/v2\/product\/20858\/revisions"}],"predecessor-version":[{"id":21966,"href":"https:\/\/effafood.com\/de\/wp-json\/wp\/v2\/product\/20858\/revisions\/21966"}],"wp:featuredmedia":[{"embeddable":true,"href":"https:\/\/effafood.com\/de\/wp-json\/wp\/v2\/media\/20753"}],"wp:attachment":[{"href":"https:\/\/effafood.com\/de\/wp-json\/wp\/v2\/media?parent=20858"}],"wp:term":[{"taxonomy":"product_brand","embeddable":true,"href":"https:\/\/effafood.com\/de\/wp-json\/wp\/v2\/product_brand?post=20858"},{"taxonomy":"product_cat","embeddable":true,"href":"https:\/\/effafood.com\/de\/wp-json\/wp\/v2\/product_cat?post=20858"},{"taxonomy":"product_tag","embeddable":true,"href":"https:\/\/effafood.com\/de\/wp-json\/wp\/v2\/product_tag?post=20858"}],"curies":[{"name":"wp","href":"https:\/\/api.w.org\/{rel}","templated":true}]}}